{"id":19,"date":"2016-11-23T14:33:15","date_gmt":"2016-11-23T14:33:15","guid":{"rendered":"http:\/\/plethorathemes.com\/hotel-xenia\/?page_id=19"},"modified":"2023-09-23T10:57:26","modified_gmt":"2023-09-23T10:57:26","slug":"home","status":"publish","type":"page","link":"https:\/\/hostaldiana.com\/","title":{"rendered":"Inicio"},"content":{"rendered":"<section class=\"wpb-content-wrapper\"><p>[vc_row color_set=\u00bbblack_section\u00bb row_padding_top=\u00bbpadding_top_none\u00bb row_padding_bottom=\u00bbpadding_bottom_none\u00bb el_class=\u00bbnegative_margin_top_50_front\u00bb][vc_column width=\u00bb2\/3&#8243; transparent=\u00bbtransparent\u00bb align=\u00bbtext-center\u00bb offset=\u00bbvc_col-sm-offset-2&#8243;][plethora_bookingcallto form_action=\u00bburl:https%3A%2F%2Fwww.elegancehotelsinternational.com%2Fen%2Fhoteles%2Fhostal-diana\u00bb adults=\u00bb\u00bb children=\u00bb\u00bb rooms=\u00bb\u00bb services=\u00bb\u00bb el_class=\u00bbdark_form extra_large_form centered_form\u00bb date_arrival_title=\u00bbFecha de llegada\u00bb date_arrival_placeholder=\u00bbSelecciona fecha de llegada\u00bb date_arrival_colsize=\u00bbcol-sm-6&#8243; date_departure_title=\u00bbFecha de salida\u00bb date_departure_placeholder=\u00bbSelecciona fecha de salida\u00bb date_departure_colsize=\u00bbcol-sm-6&#8243; submit_title=\u00bbSolicitar presupuesto\u00bb submit_colsize=\u00bbcol-sm-12&#8243; submit_size=\u00bbbtn-lg\u00bb submit_colorset=\u00bbbtn-primary\u00bb form_target=\u00bb_self\u00bb css=\u00bb.vc_custom_1695466570845{margin-bottom: 40px !important;}\u00bb help=\u00bb\u00bb hidden_1=\u00bb\u00bb hidden_2=\u00bb\u00bb][\/vc_column][\/vc_row][vc_row row_padding_top=\u00bbpadding_top_1-4&#8243; row_padding_bottom=\u00bbpadding_bottom_1-4&#8243;][vc_column width=\u00bb5\/6&#8243; boxed=\u00bbboxed\u00bb offset=\u00bbvc_col-md-offset-2 vc_col-md-8 vc_col-sm-offset-1&#8243;][plethora_headinggroup subtitle=\u00bbUNO DE LOS DESTINOS M\u00c1S DESTACADOS PARA RELAJACI\u00d3N Y PLACER\u00bb background_title=\u00bbBIENVENIDO\u00bb divider=\u00bb1&#8243;]<\/p>\n<h2>HOSTAL ELEGANCE DIANA<\/h2>\n<p>[\/plethora_headinggroup][vc_column_text]<\/p>\n<h4 style=\"text-align: center;\">BRINDANDO SERVICIOS DE CALIDAD DESDE 2018<\/h4>\n<p style=\"text-align: center;\">Hostal Elegance Diana, renovado en 2018, est\u00e1 en el coraz\u00f3n de Puerto de Alc\u00fadia, Mallorca, cerca de la playa, restaurantes y bares. Ideal para parejas, viajeros solitarios y familias que buscan tranquilidad. Ofrece deportes acu\u00e1ticos, excursiones, ciclismo y la hermosa playa de la Bahia de Alcudia. Wi-Fi gratuito, recepci\u00f3n de 10 am a 10 pm y almacenamiento de equipaje y bicicletas disponibles. Un destino boutique para disfrutar de la playa, la cocina mediterr\u00e1nea y puestas de sol espectaculares<\/p>\n<p>[\/vc_column_text][vc_single_image image=\u00bb1170&#8243; img_size=\u00bb70&#215;70&#8243; alignment=\u00bbcenter\u00bb style=\u00bbvc_box_circle\u00bb][vc_column_text]<\/p>\n<p style=\"text-align: center;\">Atentamente,<br \/>\n<small>Diana<\/small><\/p>\n<p>[\/vc_column_text][\/vc_column][\/vc_row][vc_row transparent=\u00bbtransparent\u00bb row_padding_top=\u00bbpadding_top_none\u00bb row_padding_bottom=\u00bbpadding_bottom_none\u00bb el_class=\u00bbnegative_margin_bottom_150_front\u00bb][vc_column width=\u00bb1\/3&#8243;][plethora_hoverbox title=\u00bbMASAJES\u00bb bcg_img=\u00bb994&#8243; logo_img=\u00bb1008&#8243; link=\u00bburl:https%3A%2F%2Fhostaldiana.com%2Fservice%2Fmasajes-thailandes-puerto-alcudia%2F|title:Masajes%20tailandes%20Puerto%20Alcudia\u00bb]Hostal ofrece un maravilloso lugar para relajarse; El centro de masaje est\u00e1 muy cerca de nuestro hostal, y puedes hacer tu reserva en recepci\u00f3n. Nos encantar\u00eda presentarte esta incre\u00edble experiencia relajante y refrescante.[\/plethora_hoverbox][\/vc_column][vc_column width=\u00bb1\/3&#8243;][plethora_hoverbox title=\u00bbACTIVIDADES\u00bb bcg_img=\u00bb1002&#8243; logo_img=\u00bb1007&#8243; link=\u00bburl:https%3A%2F%2Fhostaldiana.com%2Fservice%2Factividades-acuaticas-y-alquiler-de-embarcaciones-en-mallorca%2F|title:Actividades%20Acuaticas%20y%20Alquiler%20de%20embarcaciones%20en%20Mallorca\u00bb]En Mallorca, puedes disfrutar de emocionantes deportes acu\u00e1ticos, explorar la historia en sus ciudades hist\u00f3ricas y degustar la deliciosa gastronom\u00eda local. \u00a1Descubre todo lo que esta isla mediterr\u00e1nea tiene para ofrecer en tus vacaciones![\/plethora_hoverbox][\/vc_column][vc_column width=\u00bb1\/3&#8243;][plethora_hoverbox title=\u00bbRESTAURANTES\u00bb bcg_img=\u00bb1000&#8243; logo_img=\u00bb1005&#8243; link=\u00bburl:https%3A%2F%2Fhostaldiana.com%2Fservice%2Frestaurante-en-puerto-alcudia-norte-de-mallorca%2F|title:Restaurante%20en%20Puerto%20Alcudia%20Norte%20de%20Mallorca\u00bb]La gastronom\u00eda de Mallorca es una celebraci\u00f3n de sabores mediterr\u00e1neos. Desde la famosa ensaimada hasta el queso de Mah\u00f3n y platos como la sobrasada, la comida de la isla destaca por su frescura y riqueza de ingredientes locales.[\/plethora_hoverbox][\/vc_column][\/vc_row][vc_row transparent=\u00bbtransparent\u00bb row_padding_top=\u00bbpadding_top_none\u00bb row_padding_bottom=\u00bbpadding_bottom_none\u00bb el_class=\u00bbnegative_margin_bottom_150_front\u00bb][vc_column width=\u00bb1\/3&#8243;][plethora_hoverbox title=\u00bbTAXI AEROPUERTO\u00bb bcg_img=\u00bb1026&#8243; logo_img=\u00bb1162&#8243; link=\u00bburl:https%3A%2F%2Fhostaldiana.com%2Fservice%2Ftransfer-aeropuerto-mallorca%2F|title:Transfer%20Aeropuerto%20Mallorca%20&#8243;]En Hostal Diana, ofrecemos servicios de traslado desde y hacia el aeropuerto de Palma. \u00bfInteresado? \u00a1Pregunte por nuestras tarifas![\/plethora_hoverbox][\/vc_column][vc_column width=\u00bb1\/3&#8243;][plethora_hoverbox title=\u00bbEVENTOS O BODAS\u00bb bcg_img=\u00bb1028&#8243; logo_img=\u00bb1163&#8243;]En Mallorca, puedes disfrutar de emocionantes deportes acu\u00e1ticos, explorar la historia en sus ciudades hist\u00f3ricas y degustar la deliciosa gastronom\u00eda local. \u00a1Descubre todo lo que esta isla mediterr\u00e1nea tiene para ofrecer en tus vacaciones![\/plethora_hoverbox][\/vc_column][vc_column width=\u00bb1\/3&#8243;][plethora_hoverbox title=\u00bbALQUILER DE COCHE\u00bb bcg_img=\u00bb1173&#8243; logo_img=\u00bb1165&#8243; link=\u00bburl:https%3A%2F%2Fhostaldiana.com%2Fservice%2Falquiler-de-coche-en-mallorca%2F|title:Alquiler%20De%20Coche%20en%20Mallorca\u00bb]La gastronom\u00eda de Mallorca es una celebraci\u00f3n de sabores mediterr\u00e1neos. Desde la famosa ensaimada hasta el queso de Mah\u00f3n y platos como la sobrasada, la comida de la isla destaca por su frescura y riqueza de ingredientes locales.[\/plethora_hoverbox][\/vc_column][\/vc_row][vc_row full_width=\u00bbstretch_row\u00bb transparent_overlay=\u00bbgradient_film_to_bottom\u00bb css=\u00bb.vc_custom_1694552991628{background-image: url(https:\/\/hostaldiana.com\/wp-content\/uploads\/2023\/09\/Hostal-diana-habitacion-Hostal-en-puerto-alcudia.jpg?id=965) !important;}\u00bb][vc_column align=\u00bbtext-center\u00bb][vc_empty_space height=\u00bb48px\u00bb][plethora_headinggroup divider=\u00bb1&#8243;]<\/p>\n<h2>\u00a1APROVECHA UN DESCUENTO DEL 5% HOY MISMO!<\/h2>\n<p>[\/plethora_headinggroup][vc_column_text]<\/p>\n<p style=\"text-align: center;\">\u00a1Reserva tu alojamiento online y asegura tus vacaciones de verano a tiempo con un incre\u00edble descuento!<\/p>\n<p>[\/vc_column_text][plethora_button button_text=\u00bbVER NUESTRAS HABITACIONES\u00bb button_link=\u00bburl:https%3A%2F%2Fhostaldiana.com%2Fhabitaciones%2F\u00bb button_align=\u00bbtext-center\u00bb button_with_icon=\u00bb0&#8243;][\/vc_column][\/vc_row][vc_row full_width=\u00bbstretch_row\u00bb color_set=\u00bbblack_section\u00bb][vc_column][plethora_slider_room items_template=\u00bbslider-room-classic-default\u00bb ref_id=\u00bb5858ebadc2b64&#8243; items_excerpt_trim=\u00bb45&#8243; items_link_label=\u00bbLeer m\u00e1s\u00bb items_booking_target_price=\u00bb0&#8243; items_colorset=\u00bbdark_section\u00bb items_room_amenities=\u00bb\u00bb autoplaytimeout=\u00bb10000&#8243; loop=\u00bbtrue\u00bb autoplayhoverpause=\u00bbtrue\u00bb dots=\u00bbtrue\u00bb nav=\u00bbfalse\u00bb rtl=\u00bbfalse\u00bb][\/vc_column][\/vc_row][vc_row][vc_column width=\u00bb2\/3&#8243; offset=\u00bbvc_col-sm-offset-2&#8243;][plethora_headinggroup subtitle=\u00bbPersonas encantadoras, experiencias inolvidables.\u00bb divider=\u00bb1&#8243;]<\/p>\n<h2>Testimonios<\/h2>\n<p>[\/plethora_headinggroup][plethora_slider_testimonial data=\u00bbtestimonial_selection\u00bb items_template=\u00bbslider-testimonial-classic-default\u00bb ref_id=\u00bb5858eb293cba4&#8243; data_posts_selection=\u00bb743&#8243; items_editorcontent=\u00bb1&#8243; autoplaytimeout=\u00bb8000&#8243; loop=\u00bbtrue\u00bb autoplayhoverpause=\u00bbtrue\u00bb dots=\u00bbtrue\u00bb nav=\u00bbfalse\u00bb rtl=\u00bbfalse\u00bb][\/vc_column][\/vc_row]<\/p>\n<\/section>","protected":false},"excerpt":{"rendered":"<p>[vc_row color_set=\u00bbblack_section\u00bb row_padding_top=\u00bbpadding_top_none\u00bb row_padding_bottom=\u00bbpadding_bottom_none\u00bb el_class=\u00bbnegative_margin_top_50_front\u00bb][vc_column width=\u00bb2\/3&#8243; transparent=\u00bbtransparent\u00bb align=\u00bbtext-center\u00bb offset=\u00bbvc_col-sm-offset-2&#8243;][plethora_bookingcallto form_action=\u00bburl:https%3A%2F%2Fwww.elegancehotelsinternational.com%2Fen%2Fhoteles%2Fhostal-diana\u00bb adults=\u00bb\u00bb children=\u00bb\u00bb rooms=\u00bb\u00bb services=\u00bb\u00bb el_class=\u00bbdark_form extra_large_form centered_form\u00bb date_arrival_title=\u00bbFecha de llegada\u00bb [&hellip;]<\/p>\n","protected":false},"author":3,"featured_media":961,"parent":0,"menu_order":0,"comment_status":"closed","ping_status":"closed","template":"","meta":{"site-sidebar-layout":"no-sidebar","site-content-layout":"plain-container","ast-site-content-layout":"default","site-content-style":"default","site-sidebar-style":"default","ast-global-header-display":"","ast-banner-title-visibility":"","ast-main-header-display":"","ast-hfb-above-header-display":"","ast-hfb-below-header-display":"","ast-hfb-mobile-header-display":"","site-post-title":"disabled","ast-breadcrumbs-content":"","ast-featured-img":"disabled","footer-sml-layout":"","ast-disable-related-posts":"","theme-transparent-header-meta":"","adv-header-id-meta":"","stick-header-meta":"","header-above-stick-meta":"","header-main-stick-meta":"","header-below-stick-meta":"","astra-migrate-meta-layouts":"default","ast-page-background-enabled":"default","ast-page-background-meta":{"desktop":{"background-color":"var(--ast-global-color-5)","background-image":"","background-repeat":"repeat","background-position":"center center","background-size":"auto","background-attachment":"scroll","background-type":"","background-media":"","overlay-type":"","overlay-color":"","overlay-opacity":"","overlay-gradient":""},"tablet":{"background-color":"","background-image":"","background-repeat":"repeat","background-position":"center center","background-size":"auto","background-attachment":"scroll","background-type":"","background-media":"","overlay-type":"","overlay-color":"","overlay-opacity":"","overlay-gradient":""},"mobile":{"background-color":"","background-image":"","background-repeat":"repeat","background-position":"center center","background-size":"auto","background-attachment":"scroll","background-type":"","background-media":"","overlay-type":"","overlay-color":"","overlay-opacity":"","overlay-gradient":""}},"ast-content-background-meta":{"desktop":{"background-color":"var(--ast-global-color-4)","background-image":"","background-repeat":"repeat","background-position":"center center","background-size":"auto","background-attachment":"scroll","background-type":"","background-media":"","overlay-type":"","overlay-color":"","overlay-opacity":"","overlay-gradient":""},"tablet":{"background-color":"var(--ast-global-color-4)","background-image":"","background-repeat":"repeat","background-position":"center center","background-size":"auto","background-attachment":"scroll","background-type":"","background-media":"","overlay-type":"","overlay-color":"","overlay-opacity":"","overlay-gradient":""},"mobile":{"background-color":"var(--ast-global-color-4)","background-image":"","background-repeat":"repeat","background-position":"center center","background-size":"auto","background-attachment":"scroll","background-type":"","background-media":"","overlay-type":"","overlay-color":"","overlay-opacity":"","overlay-gradient":""}},"footnotes":""},"class_list":["post-19","page","type-page","status-publish","has-post-thumbnail","hentry"],"yoast_head":"<!-- This site is optimized with the Yoast SEO plugin v21.5 - https:\/\/yoast.com\/wordpress\/plugins\/seo\/ -->\n<title>Hostal en puerto de alcudia | Hostal econ\u00f3mico en Puerto Alcudia<\/title>\n<meta name=\"description\" content=\"Descubre la comodidad asequible en nuestro hostal econ\u00f3mico en Puerto Alcudia, tu punto de partida ideal para explorar el norte de Mallorca. \u00a1Reserva ahora en Hostal Diana\" \/>\n<meta name=\"robots\" content=\"index, follow, max-snippet:-1, max-image-preview:large, max-video-preview:-1\" \/>\n<link rel=\"canonical\" href=\"https:\/\/hostaldiana.com\/\" \/>\n<meta property=\"og:locale\" content=\"es_ES\" \/>\n<meta property=\"og:type\" content=\"article\" \/>\n<meta property=\"og:title\" content=\"Hostal en puerto de alcudia | Hostal econ\u00f3mico en Puerto Alcudia\" \/>\n<meta property=\"og:description\" content=\"Descubre la comodidad asequible en nuestro hostal econ\u00f3mico en Puerto Alcudia, tu punto de partida ideal para explorar el norte de Mallorca. \u00a1Reserva ahora en Hostal Diana\" \/>\n<meta property=\"og:url\" content=\"https:\/\/hostaldiana.com\/\" \/>\n<meta property=\"article:publisher\" content=\"https:\/\/www.facebook.com\/HostalEleganceDiana\/\" \/>\n<meta property=\"article:modified_time\" content=\"2023-09-23T10:57:26+00:00\" \/>\n<meta property=\"og:image\" content=\"https:\/\/hostaldiana.com\/wp-content\/uploads\/2023\/09\/Hostal-diana-habitacion-Individual.jpg\" \/>\n\t<meta property=\"og:image:width\" content=\"1000\" \/>\n\t<meta property=\"og:image:height\" content=\"667\" \/>\n\t<meta property=\"og:image:type\" content=\"image\/jpeg\" \/>\n<meta name=\"twitter:card\" content=\"summary_large_image\" \/>\n<meta name=\"twitter:label1\" content=\"Tiempo de lectura\" \/>\n\t<meta name=\"twitter:data1\" content=\"3 minutos\" \/>\n<script type=\"application\/ld+json\" class=\"yoast-schema-graph\">{\"@context\":\"https:\/\/schema.org\",\"@graph\":[{\"@type\":\"WebPage\",\"@id\":\"https:\/\/hostaldiana.com\/\",\"url\":\"https:\/\/hostaldiana.com\/\",\"name\":\"Hostal en puerto de alcudia | Hostal econ\u00f3mico en Puerto Alcudia\",\"isPartOf\":{\"@id\":\"https:\/\/hostaldiana.com\/#website\"},\"datePublished\":\"2016-11-23T14:33:15+00:00\",\"dateModified\":\"2023-09-23T10:57:26+00:00\",\"description\":\"Descubre la comodidad asequible en nuestro hostal econ\u00f3mico en Puerto Alcudia, tu punto de partida ideal para explorar el norte de Mallorca. \u00a1Reserva ahora en Hostal Diana\",\"breadcrumb\":{\"@id\":\"https:\/\/hostaldiana.com\/#breadcrumb\"},\"inLanguage\":\"es\",\"potentialAction\":[{\"@type\":\"ReadAction\",\"target\":[\"https:\/\/hostaldiana.com\/\"]}]},{\"@type\":\"BreadcrumbList\",\"@id\":\"https:\/\/hostaldiana.com\/#breadcrumb\",\"itemListElement\":[{\"@type\":\"ListItem\",\"position\":1,\"name\":\"Portada\",\"item\":\"https:\/\/hostaldiana.com\/\"},{\"@type\":\"ListItem\",\"position\":2,\"name\":\"Inicio\"}]},{\"@type\":\"WebSite\",\"@id\":\"https:\/\/hostaldiana.com\/#website\",\"url\":\"https:\/\/hostaldiana.com\/\",\"name\":\"Hostal Elegance Diana\",\"description\":\"\",\"publisher\":{\"@id\":\"https:\/\/hostaldiana.com\/#organization\"},\"alternateName\":\"Hostal Diana\",\"potentialAction\":[{\"@type\":\"SearchAction\",\"target\":{\"@type\":\"EntryPoint\",\"urlTemplate\":\"https:\/\/hostaldiana.com\/?s={search_term_string}\"},\"query-input\":\"required name=search_term_string\"}],\"inLanguage\":\"es\"},{\"@type\":\"Organization\",\"@id\":\"https:\/\/hostaldiana.com\/#organization\",\"name\":\"Elegance Hotels & Resort\",\"url\":\"https:\/\/hostaldiana.com\/\",\"logo\":{\"@type\":\"ImageObject\",\"inLanguage\":\"es\",\"@id\":\"https:\/\/hostaldiana.com\/#\/schema\/logo\/image\/\",\"url\":\"https:\/\/hostaldiana.com\/wp-content\/uploads\/2023\/09\/Logo-Hostal-Diana-Blanco.png\",\"contentUrl\":\"https:\/\/hostaldiana.com\/wp-content\/uploads\/2023\/09\/Logo-Hostal-Diana-Blanco.png\",\"width\":512,\"height\":247,\"caption\":\"Elegance Hotels & Resort\"},\"image\":{\"@id\":\"https:\/\/hostaldiana.com\/#\/schema\/logo\/image\/\"},\"sameAs\":[\"https:\/\/www.facebook.com\/HostalEleganceDiana\/\"]}]}<\/script>\n<!-- \/ Yoast SEO plugin. -->","yoast_head_json":{"title":"Hostal en puerto de alcudia | Hostal econ\u00f3mico en Puerto Alcudia","description":"Descubre la comodidad asequible en nuestro hostal econ\u00f3mico en Puerto Alcudia, tu punto de partida ideal para explorar el norte de Mallorca. \u00a1Reserva ahora en Hostal Diana","robots":{"index":"index","follow":"follow","max-snippet":"max-snippet:-1","max-image-preview":"max-image-preview:large","max-video-preview":"max-video-preview:-1"},"canonical":"https:\/\/hostaldiana.com\/","og_locale":"es_ES","og_type":"article","og_title":"Hostal en puerto de alcudia | Hostal econ\u00f3mico en Puerto Alcudia","og_description":"Descubre la comodidad asequible en nuestro hostal econ\u00f3mico en Puerto Alcudia, tu punto de partida ideal para explorar el norte de Mallorca. \u00a1Reserva ahora en Hostal Diana","og_url":"https:\/\/hostaldiana.com\/","article_publisher":"https:\/\/www.facebook.com\/HostalEleganceDiana\/","article_modified_time":"2023-09-23T10:57:26+00:00","og_image":[{"width":1000,"height":667,"url":"https:\/\/hostaldiana.com\/wp-content\/uploads\/2023\/09\/Hostal-diana-habitacion-Individual.jpg","type":"image\/jpeg"}],"twitter_card":"summary_large_image","twitter_misc":{"Tiempo de lectura":"3 minutos"},"schema":{"@context":"https:\/\/schema.org","@graph":[{"@type":"WebPage","@id":"https:\/\/hostaldiana.com\/","url":"https:\/\/hostaldiana.com\/","name":"Hostal en puerto de alcudia | Hostal econ\u00f3mico en Puerto Alcudia","isPartOf":{"@id":"https:\/\/hostaldiana.com\/#website"},"datePublished":"2016-11-23T14:33:15+00:00","dateModified":"2023-09-23T10:57:26+00:00","description":"Descubre la comodidad asequible en nuestro hostal econ\u00f3mico en Puerto Alcudia, tu punto de partida ideal para explorar el norte de Mallorca. \u00a1Reserva ahora en Hostal Diana","breadcrumb":{"@id":"https:\/\/hostaldiana.com\/#breadcrumb"},"inLanguage":"es","potentialAction":[{"@type":"ReadAction","target":["https:\/\/hostaldiana.com\/"]}]},{"@type":"BreadcrumbList","@id":"https:\/\/hostaldiana.com\/#breadcrumb","itemListElement":[{"@type":"ListItem","position":1,"name":"Portada","item":"https:\/\/hostaldiana.com\/"},{"@type":"ListItem","position":2,"name":"Inicio"}]},{"@type":"WebSite","@id":"https:\/\/hostaldiana.com\/#website","url":"https:\/\/hostaldiana.com\/","name":"Hostal Elegance Diana","description":"","publisher":{"@id":"https:\/\/hostaldiana.com\/#organization"},"alternateName":"Hostal Diana","potentialAction":[{"@type":"SearchAction","target":{"@type":"EntryPoint","urlTemplate":"https:\/\/hostaldiana.com\/?s={search_term_string}"},"query-input":"required name=search_term_string"}],"inLanguage":"es"},{"@type":"Organization","@id":"https:\/\/hostaldiana.com\/#organization","name":"Elegance Hotels & Resort","url":"https:\/\/hostaldiana.com\/","logo":{"@type":"ImageObject","inLanguage":"es","@id":"https:\/\/hostaldiana.com\/#\/schema\/logo\/image\/","url":"https:\/\/hostaldiana.com\/wp-content\/uploads\/2023\/09\/Logo-Hostal-Diana-Blanco.png","contentUrl":"https:\/\/hostaldiana.com\/wp-content\/uploads\/2023\/09\/Logo-Hostal-Diana-Blanco.png","width":512,"height":247,"caption":"Elegance Hotels & Resort"},"image":{"@id":"https:\/\/hostaldiana.com\/#\/schema\/logo\/image\/"},"sameAs":["https:\/\/www.facebook.com\/HostalEleganceDiana\/"]}]}},"_links":{"self":[{"href":"https:\/\/hostaldiana.com\/index.php?rest_route=\/wp\/v2\/pages\/19","targetHints":{"allow":["GET"]}}],"collection":[{"href":"https:\/\/hostaldiana.com\/index.php?rest_route=\/wp\/v2\/pages"}],"about":[{"href":"https:\/\/hostaldiana.com\/index.php?rest_route=\/wp\/v2\/types\/page"}],"author":[{"embeddable":true,"href":"https:\/\/hostaldiana.com\/index.php?rest_route=\/wp\/v2\/users\/3"}],"replies":[{"embeddable":true,"href":"https:\/\/hostaldiana.com\/index.php?rest_route=%2Fwp%2Fv2%2Fcomments&post=19"}],"version-history":[{"count":32,"href":"https:\/\/hostaldiana.com\/index.php?rest_route=\/wp\/v2\/pages\/19\/revisions"}],"predecessor-version":[{"id":1736,"href":"https:\/\/hostaldiana.com\/index.php?rest_route=\/wp\/v2\/pages\/19\/revisions\/1736"}],"wp:featuredmedia":[{"embeddable":true,"href":"https:\/\/hostaldiana.com\/index.php?rest_route=\/wp\/v2\/media\/961"}],"wp:attachment":[{"href":"https:\/\/hostaldiana.com\/index.php?rest_route=%2Fwp%2Fv2%2Fmedia&parent=19"}],"curies":[{"name":"wp","href":"https:\/\/api.w.org\/{rel}","templated":true}]}}