{"id":40,"date":"2016-11-24T18:09:14","date_gmt":"2016-11-24T18:09:14","guid":{"rendered":"http:\/\/plethorathemes.com\/hotel-xenia\/?page_id=40"},"modified":"2023-09-19T17:12:24","modified_gmt":"2023-09-19T17:12:24","slug":"ubicacion","status":"publish","type":"page","link":"https:\/\/hostaldiana.com\/?page_id=40","title":{"rendered":"Ubicaci\u00f3n"},"content":{"rendered":"<section class=\"wpb-content-wrapper\"><p>[vc_row full_width=\u00bbstretch_row\u00bb color_set=\u00bbwhite_section\u00bb][vc_column width=\u00bb2\/3&#8243; offset=\u00bbvc_col-sm-offset-2&#8243;][plethora_headinggroup divider=\u00bb1&#8243;]Hostal Diana, en Puerto de Alcudia, Mallorca, es un lugar que ofrece calma y alegr\u00eda a los viajeros exigentes. Ya sea que prefiera el mar o la monta\u00f1a, aqu\u00ed puede descubrir ambos.[\/plethora_headinggroup][\/vc_column][\/vc_row][vc_row full_width=\u00bbstretch_row_content_no_spaces\u00bb content_placement=\u00bbmiddle\u00bb row_padding_top=\u00bbpadding_top_none\u00bb row_padding_bottom=\u00bbpadding_bottom_none\u00bb][vc_column width=\u00bb1\/2&#8243; offset=\u00bbvc_col-lg-8 vc_col-md-7&#8243; css=\u00bb.vc_custom_1694782482813{background-image: url(https:\/\/hostaldiana.com\/wp-content\/uploads\/2023\/09\/Playa-Alcudia-cerca-de-Hostal-Diana-Hostal-Economica.jpg?id=1056) !important;background-position: center !important;background-repeat: no-repeat !important;background-size: cover !important;}\u00bb][vc_empty_space height=\u00bb300px\u00bb][vc_empty_space height=\u00bb200px\u00bb el_class=\u00bbhidden-xs hidden-sm hidden-md\u00bb][vc_empty_space height=\u00bb100px\u00bb el_class=\u00bbhidden-xs\u00bb][vc_empty_space height=\u00bb100px\u00bb el_class=\u00bbhidden-xs hidden-sm\u00bb][\/vc_column][vc_column width=\u00bb1\/2&#8243; color_set=\u00bbwhite_section\u00bb align=\u00bbtext-left\u00bb boxed=\u00bbboxed_plus\u00bb el_class=\u00bbcol-md-pull-1&#8243; offset=\u00bbvc_col-lg-4 vc_col-md-5&#8243;][plethora_headinggroup subtitle=\u00bbDEPORTES ACU\u00c1TICOS Y PLAYA\u00bb align=\u00bbtext-left\u00bb subtitle_position=\u00bbtop\u00bb divider=\u00bb\u00bb]<\/p>\n<h3>ALCUDIA PLAYA<\/h3>\n<p>[\/plethora_headinggroup][vc_column_text]\u00bbLa playa de Puerto de Alcudia en la costa norte de Mallorca es un lugar perfecto para disfrutar de la arena dorada y emocionantes deportes acu\u00e1ticos. Desde windsurf hasta buceo, este destino lo tiene todo para los amantes del mar y la diversi\u00f3n bajo el sol.\u00bb[\/vc_column_text][plethora_button button_text=\u00bbGu\u00eda de la ciudad (Pregunte por Jose)\u00bb button_with_icon=\u00bb0&#8243;][\/vc_column][\/vc_row][vc_row full_width=\u00bbstretch_row_content_no_spaces\u00bb content_placement=\u00bbmiddle\u00bb row_padding_top=\u00bbpadding_top_none\u00bb row_padding_bottom=\u00bbpadding_bottom_none\u00bb][vc_column width=\u00bb1\/2&#8243; offset=\u00bbvc_col-lg-8 vc_col-md-7&#8243; css=\u00bb.vc_custom_1694785679989{background-image: url(https:\/\/hostaldiana.com\/wp-content\/uploads\/2023\/09\/Casco-antiguo-Alcudia-Mallorca.jpg?id=1059) !important;background-position: center !important;background-repeat: no-repeat !important;background-size: cover !important;}\u00bb el_class=\u00bbcol-sm-push-6 col-md-push-5 col-lg-push-4&#8243;][vc_empty_space height=\u00bb300px\u00bb][vc_empty_space height=\u00bb200px\u00bb el_class=\u00bbhidden-xs hidden-sm hidden-md\u00bb][vc_empty_space height=\u00bb100px\u00bb el_class=\u00bbhidden-xs\u00bb][vc_empty_space height=\u00bb100px\u00bb el_class=\u00bbhidden-xs hidden-sm\u00bb][\/vc_column][vc_column width=\u00bb1\/2&#8243; color_set=\u00bbwhite_section\u00bb align=\u00bbtext-left\u00bb boxed=\u00bbboxed_plus\u00bb el_class=\u00bbcol-sm-pull-6 col-md-pull-6 col-lg-pull-7&#8243; offset=\u00bbvc_col-lg-4 vc_col-md-5&#8243;][plethora_headinggroup subtitle=\u00bbLUGARES DE INTER\u00c9S HIST\u00d3RICO\u00bb align=\u00bbtext-left\u00bb subtitle_position=\u00bbtop\u00bb divider=\u00bb\u00bb]<\/p>\n<h3>CASCO ANTIGUO<\/h3>\n<p>[\/plethora_headinggroup][vc_column_text]El casco antiguo de Alcudia, en Mallorca, es un tesoro hist\u00f3rico que te transporta en el tiempo. Sus calles empedradas, murallas medievales y encanto aut\u00e9ntico te invitan a explorar la rica historia de la isla en un entorno pintoresco y cautivador.[\/vc_column_text][plethora_button button_text=\u00bbConoce M\u00e1s\u00bb button_with_icon=\u00bb0&#8243;][\/vc_column][\/vc_row][vc_row full_width=\u00bbstretch_row_content_no_spaces\u00bb content_placement=\u00bbmiddle\u00bb row_padding_top=\u00bbpadding_top_none\u00bb row_padding_bottom=\u00bbpadding_bottom_none\u00bb][vc_column width=\u00bb1\/2&#8243; offset=\u00bbvc_col-lg-8 vc_col-md-7&#8243; css=\u00bb.vc_custom_1694786001674{background-image: url(https:\/\/hostaldiana.com\/wp-content\/uploads\/2023\/09\/Vida-Nocturna-Mallorca.webp?id=1060) !important;background-position: center !important;background-repeat: no-repeat !important;background-size: cover !important;}\u00bb][vc_empty_space height=\u00bb300px\u00bb][vc_empty_space height=\u00bb200px\u00bb el_class=\u00bbhidden-xs hidden-sm hidden-md\u00bb][vc_empty_space height=\u00bb100px\u00bb el_class=\u00bbhidden-xs\u00bb][vc_empty_space height=\u00bb100px\u00bb el_class=\u00bbhidden-xs hidden-sm\u00bb][\/vc_column][vc_column width=\u00bb1\/2&#8243; color_set=\u00bbwhite_section\u00bb align=\u00bbtext-left\u00bb boxed=\u00bbboxed_plus\u00bb el_class=\u00bbcol-md-pull-1&#8243; offset=\u00bbvc_col-lg-4 vc_col-md-5&#8243;][plethora_headinggroup subtitle=\u00bbDISCOTECAS Y BARES\u00bb align=\u00bbtext-left\u00bb subtitle_position=\u00bbtop\u00bb divider=\u00bb\u00bb]<\/p>\n<h3>LA VIDA NOCTURNA<\/h3>\n<p>[\/plethora_headinggroup][vc_column_text]La vida nocturna en Puerto de Alcudia, Mallorca, es vibrante y variada, ofreciendo una experiencia nocturna que satisface todos los gustos.[\/vc_column_text][plethora_button button_text=\u00bbMas informacion \u00bb button_with_icon=\u00bb0&#8243;][\/vc_column][\/vc_row]<\/p>\n<\/section>","protected":false},"excerpt":{"rendered":"<p>[vc_row full_width=\u00bbstretch_row\u00bb color_set=\u00bbwhite_section\u00bb][vc_column width=\u00bb2\/3&#8243; offset=\u00bbvc_col-sm-offset-2&#8243;][plethora_headinggroup divider=\u00bb1&#8243;]Hostal Diana, en Puerto de Alcudia, Mallorca, es un lugar que ofrece calma y alegr\u00eda [&hellip;]<\/p>\n","protected":false},"author":3,"featured_media":1018,"parent":0,"menu_order":0,"comment_status":"closed","ping_status":"closed","template":"","meta":{"site-sidebar-layout":"no-sidebar","site-content-layout":"plain-container","ast-site-content-layout":"default","site-content-style":"default","site-sidebar-style":"default","ast-global-header-display":"","ast-banner-title-visibility":"","ast-main-header-display":"","ast-hfb-above-header-display":"","ast-hfb-below-header-display":"","ast-hfb-mobile-header-display":"","site-post-title":"disabled","ast-breadcrumbs-content":"","ast-featured-img":"disabled","footer-sml-layout":"","ast-disable-related-posts":"","theme-transparent-header-meta":"","adv-header-id-meta":"","stick-header-meta":"","header-above-stick-meta":"","header-main-stick-meta":"","header-below-stick-meta":"","astra-migrate-meta-layouts":"default","ast-page-background-enabled":"default","ast-page-background-meta":{"desktop":{"background-color":"var(--ast-global-color-5)","background-image":"","background-repeat":"repeat","background-position":"center center","background-size":"auto","background-attachment":"scroll","background-type":"","background-media":"","overlay-type":"","overlay-color":"","overlay-opacity":"","overlay-gradient":""},"tablet":{"background-color":"","background-image":"","background-repeat":"repeat","background-position":"center center","background-size":"auto","background-attachment":"scroll","background-type":"","background-media":"","overlay-type":"","overlay-color":"","overlay-opacity":"","overlay-gradient":""},"mobile":{"background-color":"","background-image":"","background-repeat":"repeat","background-position":"center center","background-size":"auto","background-attachment":"scroll","background-type":"","background-media":"","overlay-type":"","overlay-color":"","overlay-opacity":"","overlay-gradient":""}},"ast-content-background-meta":{"desktop":{"background-color":"var(--ast-global-color-4)","background-image":"","background-repeat":"repeat","background-position":"center center","background-size":"auto","background-attachment":"scroll","background-type":"","background-media":"","overlay-type":"","overlay-color":"","overlay-opacity":"","overlay-gradient":""},"tablet":{"background-color":"var(--ast-global-color-4)","background-image":"","background-repeat":"repeat","background-position":"center center","background-size":"auto","background-attachment":"scroll","background-type":"","background-media":"","overlay-type":"","overlay-color":"","overlay-opacity":"","overlay-gradient":""},"mobile":{"background-color":"var(--ast-global-color-4)","background-image":"","background-repeat":"repeat","background-position":"center center","background-size":"auto","background-attachment":"scroll","background-type":"","background-media":"","overlay-type":"","overlay-color":"","overlay-opacity":"","overlay-gradient":""}},"footnotes":""},"class_list":["post-40","page","type-page","status-publish","has-post-thumbnail","hentry"],"yoast_head":"<!-- This site is optimized with the Yoast SEO plugin v21.5 - https:\/\/yoast.com\/wordpress\/plugins\/seo\/ -->\n<title>Ubicaci\u00f3n |<\/title>\n<meta name=\"robots\" content=\"index, follow, max-snippet:-1, max-image-preview:large, max-video-preview:-1\" \/>\n<link rel=\"canonical\" href=\"https:\/\/hostaldiana.com\/?page_id=40\" \/>\n<meta property=\"og:locale\" content=\"es_ES\" \/>\n<meta property=\"og:type\" content=\"article\" \/>\n<meta property=\"og:title\" content=\"Ubicaci\u00f3n |\" \/>\n<meta property=\"og:description\" content=\"[vc_row full_width=\u00bbstretch_row\u00bb color_set=\u00bbwhite_section\u00bb][vc_column width=\u00bb2\/3&#8243; offset=\u00bbvc_col-sm-offset-2&#8243;][plethora_headinggroup divider=\u00bb1&#8243;]Hostal Diana, en Puerto de Alcudia, Mallorca, es un lugar que ofrece calma y alegr\u00eda [&hellip;]\" \/>\n<meta property=\"og:url\" content=\"https:\/\/hostaldiana.com\/?page_id=40\" \/>\n<meta property=\"article:publisher\" content=\"https:\/\/www.facebook.com\/HostalEleganceDiana\/\" \/>\n<meta property=\"article:modified_time\" content=\"2023-09-19T17:12:24+00:00\" \/>\n<meta property=\"og:image\" content=\"https:\/\/hostaldiana.com\/wp-content\/uploads\/2023\/09\/Hostal-Diana-hostal-economico-en-norte-de-mallorca.webp\" \/>\n\t<meta property=\"og:image:width\" content=\"1600\" \/>\n\t<meta property=\"og:image:height\" content=\"994\" \/>\n\t<meta property=\"og:image:type\" content=\"image\/webp\" \/>\n<meta name=\"twitter:card\" content=\"summary_large_image\" \/>\n<meta name=\"twitter:label1\" content=\"Tiempo de lectura\" \/>\n\t<meta name=\"twitter:data1\" content=\"2 minutos\" \/>\n<script type=\"application\/ld+json\" class=\"yoast-schema-graph\">{\"@context\":\"https:\/\/schema.org\",\"@graph\":[{\"@type\":\"WebPage\",\"@id\":\"https:\/\/hostaldiana.com\/?page_id=40\",\"url\":\"https:\/\/hostaldiana.com\/?page_id=40\",\"name\":\"Ubicaci\u00f3n |\",\"isPartOf\":{\"@id\":\"https:\/\/hostaldiana.com\/#website\"},\"datePublished\":\"2016-11-24T18:09:14+00:00\",\"dateModified\":\"2023-09-19T17:12:24+00:00\",\"breadcrumb\":{\"@id\":\"https:\/\/hostaldiana.com\/?page_id=40#breadcrumb\"},\"inLanguage\":\"es\",\"potentialAction\":[{\"@type\":\"ReadAction\",\"target\":[\"https:\/\/hostaldiana.com\/?page_id=40\"]}]},{\"@type\":\"BreadcrumbList\",\"@id\":\"https:\/\/hostaldiana.com\/?page_id=40#breadcrumb\",\"itemListElement\":[{\"@type\":\"ListItem\",\"position\":1,\"name\":\"Portada\",\"item\":\"https:\/\/hostaldiana.com\/\"},{\"@type\":\"ListItem\",\"position\":2,\"name\":\"Ubicaci\u00f3n\"}]},{\"@type\":\"WebSite\",\"@id\":\"https:\/\/hostaldiana.com\/#website\",\"url\":\"https:\/\/hostaldiana.com\/\",\"name\":\"Hostal Elegance Diana\",\"description\":\"\",\"publisher\":{\"@id\":\"https:\/\/hostaldiana.com\/#organization\"},\"alternateName\":\"Hostal Diana\",\"potentialAction\":[{\"@type\":\"SearchAction\",\"target\":{\"@type\":\"EntryPoint\",\"urlTemplate\":\"https:\/\/hostaldiana.com\/?s={search_term_string}\"},\"query-input\":\"required name=search_term_string\"}],\"inLanguage\":\"es\"},{\"@type\":\"Organization\",\"@id\":\"https:\/\/hostaldiana.com\/#organization\",\"name\":\"Elegance Hotels & Resort\",\"url\":\"https:\/\/hostaldiana.com\/\",\"logo\":{\"@type\":\"ImageObject\",\"inLanguage\":\"es\",\"@id\":\"https:\/\/hostaldiana.com\/#\/schema\/logo\/image\/\",\"url\":\"https:\/\/hostaldiana.com\/wp-content\/uploads\/2023\/09\/Logo-Hostal-Diana-Blanco.png\",\"contentUrl\":\"https:\/\/hostaldiana.com\/wp-content\/uploads\/2023\/09\/Logo-Hostal-Diana-Blanco.png\",\"width\":512,\"height\":247,\"caption\":\"Elegance Hotels & Resort\"},\"image\":{\"@id\":\"https:\/\/hostaldiana.com\/#\/schema\/logo\/image\/\"},\"sameAs\":[\"https:\/\/www.facebook.com\/HostalEleganceDiana\/\"]}]}<\/script>\n<!-- \/ Yoast SEO plugin. -->","yoast_head_json":{"title":"Ubicaci\u00f3n |","robots":{"index":"index","follow":"follow","max-snippet":"max-snippet:-1","max-image-preview":"max-image-preview:large","max-video-preview":"max-video-preview:-1"},"canonical":"https:\/\/hostaldiana.com\/?page_id=40","og_locale":"es_ES","og_type":"article","og_title":"Ubicaci\u00f3n |","og_description":"[vc_row full_width=\u00bbstretch_row\u00bb color_set=\u00bbwhite_section\u00bb][vc_column width=\u00bb2\/3&#8243; offset=\u00bbvc_col-sm-offset-2&#8243;][plethora_headinggroup divider=\u00bb1&#8243;]Hostal Diana, en Puerto de Alcudia, Mallorca, es un lugar que ofrece calma y alegr\u00eda [&hellip;]","og_url":"https:\/\/hostaldiana.com\/?page_id=40","article_publisher":"https:\/\/www.facebook.com\/HostalEleganceDiana\/","article_modified_time":"2023-09-19T17:12:24+00:00","og_image":[{"width":1600,"height":994,"url":"https:\/\/hostaldiana.com\/wp-content\/uploads\/2023\/09\/Hostal-Diana-hostal-economico-en-norte-de-mallorca.webp","type":"image\/webp"}],"twitter_card":"summary_large_image","twitter_misc":{"Tiempo de lectura":"2 minutos"},"schema":{"@context":"https:\/\/schema.org","@graph":[{"@type":"WebPage","@id":"https:\/\/hostaldiana.com\/?page_id=40","url":"https:\/\/hostaldiana.com\/?page_id=40","name":"Ubicaci\u00f3n |","isPartOf":{"@id":"https:\/\/hostaldiana.com\/#website"},"datePublished":"2016-11-24T18:09:14+00:00","dateModified":"2023-09-19T17:12:24+00:00","breadcrumb":{"@id":"https:\/\/hostaldiana.com\/?page_id=40#breadcrumb"},"inLanguage":"es","potentialAction":[{"@type":"ReadAction","target":["https:\/\/hostaldiana.com\/?page_id=40"]}]},{"@type":"BreadcrumbList","@id":"https:\/\/hostaldiana.com\/?page_id=40#breadcrumb","itemListElement":[{"@type":"ListItem","position":1,"name":"Portada","item":"https:\/\/hostaldiana.com\/"},{"@type":"ListItem","position":2,"name":"Ubicaci\u00f3n"}]},{"@type":"WebSite","@id":"https:\/\/hostaldiana.com\/#website","url":"https:\/\/hostaldiana.com\/","name":"Hostal Elegance Diana","description":"","publisher":{"@id":"https:\/\/hostaldiana.com\/#organization"},"alternateName":"Hostal Diana","potentialAction":[{"@type":"SearchAction","target":{"@type":"EntryPoint","urlTemplate":"https:\/\/hostaldiana.com\/?s={search_term_string}"},"query-input":"required name=search_term_string"}],"inLanguage":"es"},{"@type":"Organization","@id":"https:\/\/hostaldiana.com\/#organization","name":"Elegance Hotels & Resort","url":"https:\/\/hostaldiana.com\/","logo":{"@type":"ImageObject","inLanguage":"es","@id":"https:\/\/hostaldiana.com\/#\/schema\/logo\/image\/","url":"https:\/\/hostaldiana.com\/wp-content\/uploads\/2023\/09\/Logo-Hostal-Diana-Blanco.png","contentUrl":"https:\/\/hostaldiana.com\/wp-content\/uploads\/2023\/09\/Logo-Hostal-Diana-Blanco.png","width":512,"height":247,"caption":"Elegance Hotels & Resort"},"image":{"@id":"https:\/\/hostaldiana.com\/#\/schema\/logo\/image\/"},"sameAs":["https:\/\/www.facebook.com\/HostalEleganceDiana\/"]}]}},"_links":{"self":[{"href":"https:\/\/hostaldiana.com\/index.php?rest_route=\/wp\/v2\/pages\/40","targetHints":{"allow":["GET"]}}],"collection":[{"href":"https:\/\/hostaldiana.com\/index.php?rest_route=\/wp\/v2\/pages"}],"about":[{"href":"https:\/\/hostaldiana.com\/index.php?rest_route=\/wp\/v2\/types\/page"}],"author":[{"embeddable":true,"href":"https:\/\/hostaldiana.com\/index.php?rest_route=\/wp\/v2\/users\/3"}],"replies":[{"embeddable":true,"href":"https:\/\/hostaldiana.com\/index.php?rest_route=%2Fwp%2Fv2%2Fcomments&post=40"}],"version-history":[{"count":6,"href":"https:\/\/hostaldiana.com\/index.php?rest_route=\/wp\/v2\/pages\/40\/revisions"}],"predecessor-version":[{"id":1061,"href":"https:\/\/hostaldiana.com\/index.php?rest_route=\/wp\/v2\/pages\/40\/revisions\/1061"}],"wp:featuredmedia":[{"embeddable":true,"href":"https:\/\/hostaldiana.com\/index.php?rest_route=\/wp\/v2\/media\/1018"}],"wp:attachment":[{"href":"https:\/\/hostaldiana.com\/index.php?rest_route=%2Fwp%2Fv2%2Fmedia&parent=40"}],"curies":[{"name":"wp","href":"https:\/\/api.w.org\/{rel}","templated":true}]}}