{"id":42,"date":"2016-11-24T18:09:31","date_gmt":"2016-11-24T18:09:31","guid":{"rendered":"http:\/\/plethorathemes.com\/hotel-xenia\/?page_id=42"},"modified":"2023-09-18T14:05:04","modified_gmt":"2023-09-18T14:05:04","slug":"deportes-y-actividades","status":"publish","type":"page","link":"https:\/\/hostaldiana.com\/?page_id=42","title":{"rendered":"Deportes y actividades"},"content":{"rendered":"<section class=\"wpb-content-wrapper\"><p>[vc_row row_padding_top=\u00bbpadding_top_1-2&#8243; row_padding_bottom=\u00bbpadding_bottom_none\u00bb][vc_column][plethora_headinggroup subtitle=\u00bbDESDE DEPORTES HASTA TURISMO, LO TENEMOS TODO\u00bb divider=\u00bb1&#8243;]<\/p>\n<h2>TONELADAS DE ACTIVIDADES<\/h2>\n<p>[\/plethora_headinggroup][\/vc_column][\/vc_row][vc_row row_padding_top=\u00bbpadding_top_1-4&#8243;][vc_column width=\u00bb1\/2&#8243;][plethora_headinggroup subtitle=\u00bbCharter\u00bb align=\u00bbtext-left\u00bb subtitle_position=\u00bbtop\u00bb divider=\u00bb\u00bb]<\/p>\n<h3>Alquiler de barcos<\/h3>\n<p>[\/plethora_headinggroup][vc_column_text]Mallorca, en las Islas Baleares, es un para\u00edso mediterr\u00e1neo. La mejor manera de descubrir su belleza es alquilar un barco. Con opciones que van desde veleros rom\u00e1nticos hasta lujosos yates, podr\u00e1s explorar sus costas, calas escondidas y cuevas marinas. \u00a1Vive una experiencia \u00fanica en Mallorca a bordo de un barco de alquiler![\/vc_column_text][vc_row_inner][vc_column_inner width=\u00bb1\/2&#8243; offset=\u00bbvc_col-md-4 vc_col-xs-12&#8243;][plethora_teaserbox orientation_style=\u00bbvertical\u00bb title=\u00bbDIA COMPLETO\u00bb text_align=\u00bbtext-left\u00bb media_colorset=\u00bbtransparent\u00bb]horario de 10:00 a 18:00[\/plethora_teaserbox][\/vc_column_inner][vc_column_inner width=\u00bb1\/2&#8243; offset=\u00bbvc_col-md-4 vc_col-xs-12&#8243;][plethora_teaserbox orientation_style=\u00bbvertical\u00bb title=\u00bbMEDIO DIA\u00bb text_align=\u00bbtext-left\u00bb media_colorset=\u00bbtransparent\u00bb]horario de 10:00 a 14:00 [\/plethora_teaserbox][\/vc_column_inner][vc_column_inner width=\u00bb1\/2&#8243; offset=\u00bbvc_col-md-4 vc_col-xs-12&#8243;][plethora_teaserbox orientation_style=\u00bbvertical\u00bb title=\u00bbTARDE\u00bb text_align=\u00bbtext-left\u00bb media_colorset=\u00bbtransparent\u00bb]Horario de 14:30 a 18:30[\/plethora_teaserbox][\/vc_column_inner][\/vc_row_inner][\/vc_column][vc_column width=\u00bb1\/2&#8243;][vc_single_image image=\u00bb1041&#8243; img_size=\u00bbfull\u00bb alignment=\u00bbcenter\u00bb][\/vc_column][\/vc_row][vc_row full_width=\u00bbstretch_row\u00bb color_set=\u00bbblack_section\u00bb transparent=\u00bbtransparent\u00bb transparent_overlay=\u00bbtransparent_film\u00bb row_padding_top=\u00bbpadding_top_2-3&#8243; row_padding_bottom=\u00bbpadding_bottom_1-2&#8243; css=\u00bb.vc_custom_1695037014227{background-image: url(https:\/\/hostaldiana.com\/wp-content\/uploads\/2023\/09\/Hostal-Diana-Elegance-puerto-de-alcudia.jpg?id=955) !important;}\u00bb][vc_column width=\u00bb2\/3&#8243; offset=\u00bbvc_col-sm-offset-2&#8243;][plethora_headinggroup divider=\u00bb\u00bb]<\/p>\n<h2>HOSTAL ELEGANCE DIANA<\/h2>\n<p>[\/plethora_headinggroup][vc_column_text]<\/p>\n<div class=\"group w-full text-token-text-primary border-b border-black\/10 dark:border-gray-900\/50 bg-gray-50 dark:bg-[#444654]\" data-testid=\"conversation-turn-15\">\n<div class=\"p-4 justify-center text-base md:gap-6 md:py-6 m-auto\">\n<div class=\"flex flex-1 gap-4 text-base mx-auto md:gap-6 md:max-w-2xl lg:max-w-[38rem] xl:max-w-3xl }\">\n<div class=\"relative flex w-[calc(100%-50px)] flex-col gap-1 md:gap-3 lg:w-[calc(100%-115px)]\">\n<div class=\"flex flex-grow flex-col gap-3 max-w-full\">\n<div class=\"min-h-[20px] flex flex-col items-start gap-3 overflow-x-auto whitespace-pre-wrap break-words\">\n<div class=\"markdown prose w-full break-words dark:prose-invert light\">\n<p style=\"text-align: center;\">En Hostal Diana, en nuestra recepci\u00f3n, te ofrecemos una variedad de emocionantes actividades para que disfrutes durante tu estancia. \u00a1Divi\u00e9rtete al m\u00e1ximo con nosotros!<\/p>\n<\/div>\n<\/div>\n<\/div>\n<div class=\"flex justify-between lg:block\">\n<div class=\"text-gray-400 flex self-end lg:self-center justify-center mt-2 gap-2 md:gap-3 lg:gap-1 lg:absolute lg:top-0 lg:translate-x-full lg:right-0 lg:mt-0 lg:pl-2 visible\">\n<p>&nbsp;<\/p>\n<div class=\"flex gap-1\"><\/div>\n<\/div>\n<\/div>\n<\/div>\n<\/div>\n<\/div>\n<\/div>\n<p>[\/vc_column_text][plethora_button button_text=\u00bbBook Now\u00bb button_style=\u00bbbtn-white\u00bb button_align=\u00bbtext-center\u00bb button_with_icon=\u00bb0&#8243;][\/vc_column][\/vc_row][vc_row row_padding_top=\u00bbpadding_top_1-2&#8243; row_padding_bottom=\u00bbpadding_bottom_none\u00bb][vc_column][plethora_headinggroup subtitle=\u00bbViaja en Estilo, Navega en Elegancia\u00bb divider=\u00bb1&#8243;]<\/p>\n<h2>EXCURSIONES NAUTICAS<\/h2>\n<p>[\/plethora_headinggroup][\/vc_column][\/vc_row][vc_row equal_height=\u00bbyes\u00bb content_placement=\u00bbmiddle\u00bb row_padding_top=\u00bbpadding_top_none\u00bb row_padding_bottom=\u00bbpadding_bottom_none\u00bb][vc_column width=\u00bb1\/2&#8243; el_class=\u00bbcol-sm-push-6&#8243;][vc_single_image image=\u00bb1128&#8243; img_size=\u00bbfull\u00bb alignment=\u00bbcenter\u00bb css=\u00bb.vc_custom_1695044001435{background-image: url(https:\/\/hostaldiana.com\/wp-content\/uploads\/2023\/09\/cueva-azul-pollensa.jpg?id=1128) !important;}\u00bb][\/vc_column][vc_column width=\u00bb1\/2&#8243; el_class=\u00bbcol-sm-pull-6&#8243;][plethora_headinggroup subtitle=\u00bbTU AVENTURA EN EL MAR\u00bb align=\u00bbtext-left\u00bb subtitle_position=\u00bbtop\u00bb divider=\u00bb\u00bb]<\/p>\n<h4>PASEO EN BARCO A LA CUEVA AZUL, PORT DE POLLEN\u00c7A<\/h4>\n<p>[\/plethora_headinggroup][vc_column_text]\u00bfListo para una experiencia inolvidable en Port de Pollen\u00e7a? \u00danete a nuestro emocionante paseo en barco a la Cueva Azul. Descubre la maravilla natural de este impresionante lugar mientras te relajas y disfrutas del encanto de las aguas cristalinas de Mallorca. Nuestra excursi\u00f3n te llevar\u00e1 a trav\u00e9s de paisajes espectaculares y te permitir\u00e1 explorar la misteriosa Cueva Azul, una joya oculta de la isla. No te pierdas esta emocionante aventura marina en Port de Pollen\u00e7a. \u00a1Reserva tu lugar hoy y sum\u00e9rgete en la belleza de la Cueva Azul![\/vc_column_text][plethora_button button_text=\u00bbM\u00c1S INFORMACI\u00d3N\u00bb button_link=\u00bb\u00bb button_style2=\u00bbbtn-link\u00bb button_with_icon=\u00bb0&#8243;][\/vc_column][\/vc_row][vc_row row_padding_top=\u00bbpadding_top_1-2&#8243; row_padding_bottom=\u00bbpadding_bottom_none\u00bb][vc_column][plethora_headinggroup subtitle=\u00bbDonde Cada Golpe es una Experiencia\u00bb divider=\u00bb1&#8243;]<\/p>\n<h2>GOLF POLLEN\u00c7A<\/h2>\n<p>[\/plethora_headinggroup][\/vc_column][\/vc_row][vc_row equal_height=\u00bbyes\u00bb content_placement=\u00bbmiddle\u00bb row_padding_top=\u00bbpadding_top_none\u00bb][vc_column width=\u00bb1\/2&#8243;][vc_single_image image=\u00bb1131&#8243; img_size=\u00bbfull\u00bb alignment=\u00bbcenter\u00bb][\/vc_column][vc_column width=\u00bb1\/2&#8243;][plethora_headinggroup subtitle=\u00bbDONDE CADA GOLPE CUENTA\u00bb align=\u00bbtext-left\u00bb subtitle_position=\u00bbtop\u00bb divider=\u00bb\u00bb]<\/p>\n<h4>CLUB DE GOLF ALCANADA<\/h4>\n<p>[\/plethora_headinggroup][vc_column_text]Golf Pollensa es un rinc\u00f3n \u00fanico en Mallorca donde el golf se encuentra con paisajes impresionantes. Nuestro campo de 9 hoyos dise\u00f1ado por Jos\u00e9 Gancedo ofrece desaf\u00edos emocionantes en un entorno natural espectacular. Ya seas un golfista experimentado o est\u00e1s comenzando, disfrutar\u00e1s de una experiencia inigualable aqu\u00ed. \u00a1Ven y descubre la belleza de Golf Pollensa![\/vc_column_text][plethora_button button_text=\u00bbMAS INFORMACION\u00bb button_link=\u00bb\u00bb button_style2=\u00bbbtn-link\u00bb button_with_icon=\u00bb0&#8243;][\/vc_column][\/vc_row]<\/p>\n<\/section>","protected":false},"excerpt":{"rendered":"<p>[vc_row row_padding_top=\u00bbpadding_top_1-2&#8243; row_padding_bottom=\u00bbpadding_bottom_none\u00bb][vc_column][plethora_headinggroup subtitle=\u00bbDESDE DEPORTES HASTA TURISMO, LO TENEMOS TODO\u00bb divider=\u00bb1&#8243;] TONELADAS DE ACTIVIDADES [\/plethora_headinggroup][\/vc_column][\/vc_row][vc_row row_padding_top=\u00bbpadding_top_1-4&#8243;][vc_column width=\u00bb1\/2&#8243;][plethora_headinggroup subtitle=\u00bbCharter\u00bb align=\u00bbtext-left\u00bb subtitle_position=\u00bbtop\u00bb [&hellip;]<\/p>\n","protected":false},"author":3,"featured_media":1063,"parent":0,"menu_order":0,"comment_status":"closed","ping_status":"closed","template":"","meta":{"site-sidebar-layout":"no-sidebar","site-content-layout":"plain-container","ast-site-content-layout":"default","site-content-style":"default","site-sidebar-style":"default","ast-global-header-display":"","ast-banner-title-visibility":"","ast-main-header-display":"","ast-hfb-above-header-display":"","ast-hfb-below-header-display":"","ast-hfb-mobile-header-display":"","site-post-title":"disabled","ast-breadcrumbs-content":"","ast-featured-img":"disabled","footer-sml-layout":"","ast-disable-related-posts":"","theme-transparent-header-meta":"","adv-header-id-meta":"","stick-header-meta":"","header-above-stick-meta":"","header-main-stick-meta":"","header-below-stick-meta":"","astra-migrate-meta-layouts":"default","ast-page-background-enabled":"default","ast-page-background-meta":{"desktop":{"background-color":"var(--ast-global-color-5)","background-image":"","background-repeat":"repeat","background-position":"center center","background-size":"auto","background-attachment":"scroll","background-type":"","background-media":"","overlay-type":"","overlay-color":"","overlay-opacity":"","overlay-gradient":""},"tablet":{"background-color":"","background-image":"","background-repeat":"repeat","background-position":"center center","background-size":"auto","background-attachment":"scroll","background-type":"","background-media":"","overlay-type":"","overlay-color":"","overlay-opacity":"","overlay-gradient":""},"mobile":{"background-color":"","background-image":"","background-repeat":"repeat","background-position":"center center","background-size":"auto","background-attachment":"scroll","background-type":"","background-media":"","overlay-type":"","overlay-color":"","overlay-opacity":"","overlay-gradient":""}},"ast-content-background-meta":{"desktop":{"background-color":"var(--ast-global-color-4)","background-image":"","background-repeat":"repeat","background-position":"center center","background-size":"auto","background-attachment":"scroll","background-type":"","background-media":"","overlay-type":"","overlay-color":"","overlay-opacity":"","overlay-gradient":""},"tablet":{"background-color":"var(--ast-global-color-4)","background-image":"","background-repeat":"repeat","background-position":"center center","background-size":"auto","background-attachment":"scroll","background-type":"","background-media":"","overlay-type":"","overlay-color":"","overlay-opacity":"","overlay-gradient":""},"mobile":{"background-color":"var(--ast-global-color-4)","background-image":"","background-repeat":"repeat","background-position":"center center","background-size":"auto","background-attachment":"scroll","background-type":"","background-media":"","overlay-type":"","overlay-color":"","overlay-opacity":"","overlay-gradient":""}},"footnotes":""},"class_list":["post-42","page","type-page","status-publish","has-post-thumbnail","hentry"],"yoast_head":"<!-- This site is optimized with the Yoast SEO plugin v21.5 - https:\/\/yoast.com\/wordpress\/plugins\/seo\/ -->\n<title>Alcudia | Deportes y Actividades para Disfrutar al M\u00e1ximo<\/title>\n<meta name=\"description\" content=\"Descubre emocionantes deportes y actividades en Alcudia, un destino lleno de oportunidades para aventureros. Desde deportes acu\u00e1ticos hasta rutas de senderismo, encuentra tu pasi\u00f3n en Alcudia.\" \/>\n<meta name=\"robots\" content=\"index, follow, max-snippet:-1, max-image-preview:large, max-video-preview:-1\" \/>\n<link rel=\"canonical\" href=\"https:\/\/hostaldiana.com\/?page_id=42\" \/>\n<meta property=\"og:locale\" content=\"es_ES\" \/>\n<meta property=\"og:type\" content=\"article\" \/>\n<meta property=\"og:title\" content=\"Alcudia | Deportes y Actividades para Disfrutar al M\u00e1ximo\" \/>\n<meta property=\"og:description\" content=\"Descubre emocionantes deportes y actividades en Alcudia, un destino lleno de oportunidades para aventureros. Desde deportes acu\u00e1ticos hasta rutas de senderismo, encuentra tu pasi\u00f3n en Alcudia.\" \/>\n<meta property=\"og:url\" content=\"https:\/\/hostaldiana.com\/?page_id=42\" \/>\n<meta property=\"article:publisher\" content=\"https:\/\/www.facebook.com\/HostalEleganceDiana\/\" \/>\n<meta property=\"article:modified_time\" content=\"2023-09-18T14:05:04+00:00\" \/>\n<meta property=\"og:image\" content=\"https:\/\/hostaldiana.com\/wp-content\/uploads\/2023\/09\/Reservas-y-presupuesto-para-Hostal-Economico-Hostal-diana-.jpg\" \/>\n\t<meta property=\"og:image:width\" content=\"1600\" \/>\n\t<meta property=\"og:image:height\" content=\"900\" \/>\n\t<meta property=\"og:image:type\" content=\"image\/jpeg\" \/>\n<meta name=\"twitter:card\" content=\"summary_large_image\" \/>\n<meta name=\"twitter:label1\" content=\"Tiempo de lectura\" \/>\n\t<meta name=\"twitter:data1\" content=\"2 minutos\" \/>\n<script type=\"application\/ld+json\" class=\"yoast-schema-graph\">{\"@context\":\"https:\/\/schema.org\",\"@graph\":[{\"@type\":\"WebPage\",\"@id\":\"https:\/\/hostaldiana.com\/?page_id=42\",\"url\":\"https:\/\/hostaldiana.com\/?page_id=42\",\"name\":\"Alcudia | Deportes y Actividades para Disfrutar al M\u00e1ximo\",\"isPartOf\":{\"@id\":\"https:\/\/hostaldiana.com\/#website\"},\"datePublished\":\"2016-11-24T18:09:31+00:00\",\"dateModified\":\"2023-09-18T14:05:04+00:00\",\"description\":\"Descubre emocionantes deportes y actividades en Alcudia, un destino lleno de oportunidades para aventureros. Desde deportes acu\u00e1ticos hasta rutas de senderismo, encuentra tu pasi\u00f3n en Alcudia.\",\"breadcrumb\":{\"@id\":\"https:\/\/hostaldiana.com\/?page_id=42#breadcrumb\"},\"inLanguage\":\"es\",\"potentialAction\":[{\"@type\":\"ReadAction\",\"target\":[\"https:\/\/hostaldiana.com\/?page_id=42\"]}]},{\"@type\":\"BreadcrumbList\",\"@id\":\"https:\/\/hostaldiana.com\/?page_id=42#breadcrumb\",\"itemListElement\":[{\"@type\":\"ListItem\",\"position\":1,\"name\":\"Portada\",\"item\":\"https:\/\/hostaldiana.com\/\"},{\"@type\":\"ListItem\",\"position\":2,\"name\":\"Deportes y actividades\"}]},{\"@type\":\"WebSite\",\"@id\":\"https:\/\/hostaldiana.com\/#website\",\"url\":\"https:\/\/hostaldiana.com\/\",\"name\":\"Hostal Elegance Diana\",\"description\":\"\",\"publisher\":{\"@id\":\"https:\/\/hostaldiana.com\/#organization\"},\"alternateName\":\"Hostal Diana\",\"potentialAction\":[{\"@type\":\"SearchAction\",\"target\":{\"@type\":\"EntryPoint\",\"urlTemplate\":\"https:\/\/hostaldiana.com\/?s={search_term_string}\"},\"query-input\":\"required name=search_term_string\"}],\"inLanguage\":\"es\"},{\"@type\":\"Organization\",\"@id\":\"https:\/\/hostaldiana.com\/#organization\",\"name\":\"Elegance Hotels & Resort\",\"url\":\"https:\/\/hostaldiana.com\/\",\"logo\":{\"@type\":\"ImageObject\",\"inLanguage\":\"es\",\"@id\":\"https:\/\/hostaldiana.com\/#\/schema\/logo\/image\/\",\"url\":\"https:\/\/hostaldiana.com\/wp-content\/uploads\/2023\/09\/Logo-Hostal-Diana-Blanco.png\",\"contentUrl\":\"https:\/\/hostaldiana.com\/wp-content\/uploads\/2023\/09\/Logo-Hostal-Diana-Blanco.png\",\"width\":512,\"height\":247,\"caption\":\"Elegance Hotels & Resort\"},\"image\":{\"@id\":\"https:\/\/hostaldiana.com\/#\/schema\/logo\/image\/\"},\"sameAs\":[\"https:\/\/www.facebook.com\/HostalEleganceDiana\/\"]}]}<\/script>\n<!-- \/ Yoast SEO plugin. -->","yoast_head_json":{"title":"Alcudia | Deportes y Actividades para Disfrutar al M\u00e1ximo","description":"Descubre emocionantes deportes y actividades en Alcudia, un destino lleno de oportunidades para aventureros. Desde deportes acu\u00e1ticos hasta rutas de senderismo, encuentra tu pasi\u00f3n en Alcudia.","robots":{"index":"index","follow":"follow","max-snippet":"max-snippet:-1","max-image-preview":"max-image-preview:large","max-video-preview":"max-video-preview:-1"},"canonical":"https:\/\/hostaldiana.com\/?page_id=42","og_locale":"es_ES","og_type":"article","og_title":"Alcudia | Deportes y Actividades para Disfrutar al M\u00e1ximo","og_description":"Descubre emocionantes deportes y actividades en Alcudia, un destino lleno de oportunidades para aventureros. Desde deportes acu\u00e1ticos hasta rutas de senderismo, encuentra tu pasi\u00f3n en Alcudia.","og_url":"https:\/\/hostaldiana.com\/?page_id=42","article_publisher":"https:\/\/www.facebook.com\/HostalEleganceDiana\/","article_modified_time":"2023-09-18T14:05:04+00:00","og_image":[{"width":1600,"height":900,"url":"https:\/\/hostaldiana.com\/wp-content\/uploads\/2023\/09\/Reservas-y-presupuesto-para-Hostal-Economico-Hostal-diana-.jpg","type":"image\/jpeg"}],"twitter_card":"summary_large_image","twitter_misc":{"Tiempo de lectura":"2 minutos"},"schema":{"@context":"https:\/\/schema.org","@graph":[{"@type":"WebPage","@id":"https:\/\/hostaldiana.com\/?page_id=42","url":"https:\/\/hostaldiana.com\/?page_id=42","name":"Alcudia | Deportes y Actividades para Disfrutar al M\u00e1ximo","isPartOf":{"@id":"https:\/\/hostaldiana.com\/#website"},"datePublished":"2016-11-24T18:09:31+00:00","dateModified":"2023-09-18T14:05:04+00:00","description":"Descubre emocionantes deportes y actividades en Alcudia, un destino lleno de oportunidades para aventureros. Desde deportes acu\u00e1ticos hasta rutas de senderismo, encuentra tu pasi\u00f3n en Alcudia.","breadcrumb":{"@id":"https:\/\/hostaldiana.com\/?page_id=42#breadcrumb"},"inLanguage":"es","potentialAction":[{"@type":"ReadAction","target":["https:\/\/hostaldiana.com\/?page_id=42"]}]},{"@type":"BreadcrumbList","@id":"https:\/\/hostaldiana.com\/?page_id=42#breadcrumb","itemListElement":[{"@type":"ListItem","position":1,"name":"Portada","item":"https:\/\/hostaldiana.com\/"},{"@type":"ListItem","position":2,"name":"Deportes y actividades"}]},{"@type":"WebSite","@id":"https:\/\/hostaldiana.com\/#website","url":"https:\/\/hostaldiana.com\/","name":"Hostal Elegance Diana","description":"","publisher":{"@id":"https:\/\/hostaldiana.com\/#organization"},"alternateName":"Hostal Diana","potentialAction":[{"@type":"SearchAction","target":{"@type":"EntryPoint","urlTemplate":"https:\/\/hostaldiana.com\/?s={search_term_string}"},"query-input":"required name=search_term_string"}],"inLanguage":"es"},{"@type":"Organization","@id":"https:\/\/hostaldiana.com\/#organization","name":"Elegance Hotels & Resort","url":"https:\/\/hostaldiana.com\/","logo":{"@type":"ImageObject","inLanguage":"es","@id":"https:\/\/hostaldiana.com\/#\/schema\/logo\/image\/","url":"https:\/\/hostaldiana.com\/wp-content\/uploads\/2023\/09\/Logo-Hostal-Diana-Blanco.png","contentUrl":"https:\/\/hostaldiana.com\/wp-content\/uploads\/2023\/09\/Logo-Hostal-Diana-Blanco.png","width":512,"height":247,"caption":"Elegance Hotels & Resort"},"image":{"@id":"https:\/\/hostaldiana.com\/#\/schema\/logo\/image\/"},"sameAs":["https:\/\/www.facebook.com\/HostalEleganceDiana\/"]}]}},"_links":{"self":[{"href":"https:\/\/hostaldiana.com\/index.php?rest_route=\/wp\/v2\/pages\/42","targetHints":{"allow":["GET"]}}],"collection":[{"href":"https:\/\/hostaldiana.com\/index.php?rest_route=\/wp\/v2\/pages"}],"about":[{"href":"https:\/\/hostaldiana.com\/index.php?rest_route=\/wp\/v2\/types\/page"}],"author":[{"embeddable":true,"href":"https:\/\/hostaldiana.com\/index.php?rest_route=\/wp\/v2\/users\/3"}],"replies":[{"embeddable":true,"href":"https:\/\/hostaldiana.com\/index.php?rest_route=%2Fwp%2Fv2%2Fcomments&post=42"}],"version-history":[{"count":18,"href":"https:\/\/hostaldiana.com\/index.php?rest_route=\/wp\/v2\/pages\/42\/revisions"}],"predecessor-version":[{"id":1133,"href":"https:\/\/hostaldiana.com\/index.php?rest_route=\/wp\/v2\/pages\/42\/revisions\/1133"}],"wp:featuredmedia":[{"embeddable":true,"href":"https:\/\/hostaldiana.com\/index.php?rest_route=\/wp\/v2\/media\/1063"}],"wp:attachment":[{"href":"https:\/\/hostaldiana.com\/index.php?rest_route=%2Fwp%2Fv2%2Fmedia&parent=42"}],"curies":[{"name":"wp","href":"https:\/\/api.w.org\/{rel}","templated":true}]}}