{"id":44,"date":"2016-11-24T18:10:10","date_gmt":"2016-11-24T18:10:10","guid":{"rendered":"http:\/\/plethorathemes.com\/hotel-xenia\/?page_id=44"},"modified":"2023-09-18T15:03:00","modified_gmt":"2023-09-18T15:03:00","slug":"restaurantes","status":"publish","type":"page","link":"https:\/\/hostaldiana.com\/?page_id=44","title":{"rendered":"Restaurantes"},"content":{"rendered":"<section class=\"wpb-content-wrapper\"><p>[vc_row full_width=\u00bbstretch_row\u00bb color_set=\u00bbwhite_section\u00bb][vc_column][plethora_headinggroup subtitle=\u00bbALCUDIA RESTAURANTES: DONDE EL SABOR SE CONVIERTE EN EXPERIENCIA\u00bb background_title=\u00bbAlcudia: El Destino Gastron\u00f3mico de tus Sue\u00f1os\u00bb divider=\u00bb1&#8243;]<\/p>\n<h2>ALCUDIA RESTAURANTES<\/h2>\n<p>[\/plethora_headinggroup][\/vc_column][vc_column width=\u00bb2\/3&#8243; offset=\u00bbvc_col-sm-offset-2&#8243;][vc_column_text]<\/p>\n<h4 style=\"text-align: center;\">SABOREA ALCUDIA: TU VIAJE GASTRON\u00d3MICO INOLVIDABLE<\/h4>\n<p style=\"text-align: center;\">Los restaurantes en Alcudia ofrecen una experiencia gastron\u00f3mica que te transportar\u00e1 a trav\u00e9s de los aromas y los sabores aut\u00e9nticos de la isla. Desde platos de pescado fresco capturado en las aguas cristalinas hasta delicias locales como la sobrasada y el tumbet, cada bocado es una oportunidad para sumergirse en la cultura culinaria de Mallorca.<\/p>\n<p style=\"text-align: center;\">Atentamente, Hostal Diana<\/p>\n<p>[\/vc_column_text][vc_single_image image=\u00bb1138&#8243; alignment=\u00bbcenter\u00bb style=\u00bbvc_box_circle\u00bb][\/vc_column][\/vc_row][vc_row full_width=\u00bbstretch_row_content_no_spaces\u00bb content_placement=\u00bbmiddle\u00bb row_padding_top=\u00bbpadding_top_none\u00bb row_padding_bottom=\u00bbpadding_bottom_none\u00bb css=\u00bb.vc_custom_1695047390902{background-image: url(https:\/\/hostaldiana.com\/wp-content\/uploads\/2023\/09\/Restaurantes-Port-Alcudia-Hostal-Diana.jpeg?id=1142) !important;}\u00bb][vc_column width=\u00bb1\/2&#8243; offset=\u00bbvc_col-lg-8 vc_col-md-7&#8243; css=\u00bb.vc_custom_1486026741819{background-image: url(https:\/\/hostaldiana.com\/wp-content\/uploads\/2016\/11\/banner-2.jpg?id=208) !important;background-position: center !important;background-repeat: no-repeat !important;background-size: cover !important;}\u00bb][vc_empty_space height=\u00bb300px\u00bb][vc_empty_space height=\u00bb200px\u00bb el_class=\u00bbhidden-xs hidden-sm hidden-md\u00bb][vc_empty_space height=\u00bb100px\u00bb el_class=\u00bbhidden-xs\u00bb][vc_empty_space height=\u00bb100px\u00bb el_class=\u00bbhidden-xs hidden-sm\u00bb][\/vc_column][vc_column width=\u00bb1\/2&#8243; color_set=\u00bbwhite_section\u00bb align=\u00bbtext-left\u00bb boxed=\u00bbboxed_plus\u00bb el_class=\u00bbcol-md-pull-1&#8243; offset=\u00bbvc_col-lg-4 vc_col-md-5&#8243;][plethora_headinggroup subtitle=\u00bbRESTAURANTES FAMOSOS\u00bb align=\u00bbtext-left\u00bb subtitle_position=\u00bbtop\u00bb divider=\u00bb\u00bb]<\/p>\n<h3>SABOREA ALCUDIA<\/h3>\n<p>[\/plethora_headinggroup][vc_column_text]En Port d&#8217;Alc\u00fadia, Mallorca, encontrar\u00e1s una variedad de restaurantes que ofrecen una amplia gama de opciones gastron\u00f3micas, desde cocina local hasta platos internacionales.[\/vc_column_text][plethora_button button_text=\u00bbMas Informaci\u00f3n\u00bb button_with_icon=\u00bb0&#8243;][\/vc_column][\/vc_row][vc_row full_width=\u00bbstretch_row\u00bb color_set=\u00bbwhite_section\u00bb row_padding_bottom=\u00bbpadding_bottom_none\u00bb][vc_column][plethora_headinggroup subtitle=\u00bbCOMIDA ORIGINAL Y TRADICIONAL\u00bb divider=\u00bb1&#8243;]<\/p>\n<h2>LA MEJORES CASAS DE COMIDA<\/h2>\n<p>[\/plethora_headinggroup][\/vc_column][\/vc_row][vc_row full_width=\u00bbstretch_row\u00bb content_placement=\u00bbmiddle\u00bb color_set=\u00bbwhite_section\u00bb row_padding_top=\u00bbpadding_top_none\u00bb row_padding_bottom=\u00bbpadding_bottom_none\u00bb][vc_column width=\u00bb1\/2&#8243; el_class=\u00bbcol-sm-push-6&#8243;][vc_single_image image=\u00bb1146&#8243; img_size=\u00bblarge\u00bb][\/vc_column][vc_column width=\u00bb1\/2&#8243; el_class=\u00bbcol-sm-pull-6&#8243;][plethora_headinggroup subtitle=\u00bbMediterraneo y Mallorquin\u00bb align=\u00bbtext-left\u00bb subtitle_position=\u00bbtop\u00bb divider=\u00bb\u00bb]<\/p>\n<h3>PAELLA MALLORQUINA<\/h3>\n<p>[\/plethora_headinggroup][vc_column_text]La paella mallorquina es una deliciosa variante de este ic\u00f3nico plato espa\u00f1ol que se ha adaptado a los sabores y productos de la isla de Mallorca. A diferencia de la paella tradicional, la paella mallorquina incorpora ingredientes locales caracter\u00edsticos de la regi\u00f3n. Aqu\u00ed tienes una receta b\u00e1sica de paella mallorquina:[\/vc_column_text][plethora_button button_text=\u00bbMAS INFORMACION\u00bb button_style2=\u00bbbtn-link\u00bb button_with_icon=\u00bb0&#8243;][\/vc_column][\/vc_row][vc_row full_width=\u00bbstretch_row\u00bb content_placement=\u00bbmiddle\u00bb color_set=\u00bbwhite_section\u00bb row_padding_top=\u00bbpadding_top_none\u00bb row_padding_bottom=\u00bbpadding_bottom_none\u00bb][vc_column width=\u00bb1\/2&#8243;][vc_single_image image=\u00bb1148&#8243; img_size=\u00bblarge\u00bb css=\u00bb.vc_custom_1695048830335{background-image: url(https:\/\/hostaldiana.com\/wp-content\/uploads\/2023\/09\/bistromar-marina-restaurante-puerto-alcudia.jpg?id=1148) !important;}\u00bb][\/vc_column][vc_column width=\u00bb1\/2&#8243;][plethora_headinggroup subtitle=\u00bbRESERVAR UNA MESA\u00bb align=\u00bbtext-left\u00bb subtitle_position=\u00bbtop\u00bb divider=\u00bb\u00bb]<\/p>\n<h3>COMEDOR PRIVADO<\/h3>\n<p>[\/plethora_headinggroup][vc_column_text]\u00bfEst\u00e1s ansioso por disfrutar de una experiencia culinaria inolvidable en Puerto de Alc\u00fadia? \u00a1No esperes m\u00e1s y asegura tu lugar en nuestro restaurante! Estamos listos para brindarte una velada excepcional llena de sabores aut\u00e9nticos y hospitalidad inigualable.[\/vc_column_text][plethora_button button_text=\u00bbBOOK NOW\u00bb button_style2=\u00bbbtn-link\u00bb button_with_icon=\u00bb0&#8243;][\/vc_column][\/vc_row][vc_row full_width=\u00bbstretch_row\u00bb color_set=\u00bbblack_section\u00bb css=\u00bb.vc_custom_1695049181327{background-image: url(https:\/\/hostaldiana.com\/wp-content\/uploads\/2016\/11\/Habitacion-doble-economica-Hostal-Diana-Puerto-Alcudia-Mallorca-scaled.jpg?id=1014) !important;background-position: center !important;background-repeat: no-repeat !important;background-size: cover !important;}\u00bb][vc_column width=\u00bb2\/3&#8243; offset=\u00bbvc_col-sm-offset-2&#8243;][plethora_headinggroup divider=\u00bb\u00bb]<\/p>\n<h2>Tu Espacio Reservado, Tu Experiencia Asegurada<\/h2>\n<p>[\/plethora_headinggroup][vc_column_text]<\/p>\n<p style=\"text-align: center;\">En nuestro hotel, cuando reservas, tu experiencia es nuestra prioridad. Tu espacio est\u00e1 asegurado y listo para recibirte, sin importar la hora de llegada.<\/p>\n<p>[\/vc_column_text][plethora_button button_text=\u00bbRESERVAR AHORA\u00bb button_link=\u00bb\u00bb button_style=\u00bbbtn-white\u00bb button_align=\u00bbtext-center\u00bb button_with_icon=\u00bb0&#8243;][\/vc_column][\/vc_row]<\/p>\n<\/section>","protected":false},"excerpt":{"rendered":"<p>[vc_row full_width=\u00bbstretch_row\u00bb color_set=\u00bbwhite_section\u00bb][vc_column][plethora_headinggroup subtitle=\u00bbALCUDIA RESTAURANTES: DONDE EL SABOR SE CONVIERTE EN EXPERIENCIA\u00bb background_title=\u00bbAlcudia: El Destino Gastron\u00f3mico de tus Sue\u00f1os\u00bb divider=\u00bb1&#8243;] [&hellip;]<\/p>\n","protected":false},"author":3,"featured_media":1136,"parent":0,"menu_order":0,"comment_status":"closed","ping_status":"closed","template":"","meta":{"site-sidebar-layout":"no-sidebar","site-content-layout":"plain-container","ast-site-content-layout":"default","site-content-style":"default","site-sidebar-style":"default","ast-global-header-display":"","ast-banner-title-visibility":"","ast-main-header-display":"","ast-hfb-above-header-display":"","ast-hfb-below-header-display":"","ast-hfb-mobile-header-display":"","site-post-title":"disabled","ast-breadcrumbs-content":"","ast-featured-img":"disabled","footer-sml-layout":"","ast-disable-related-posts":"","theme-transparent-header-meta":"","adv-header-id-meta":"","stick-header-meta":"","header-above-stick-meta":"","header-main-stick-meta":"","header-below-stick-meta":"","astra-migrate-meta-layouts":"default","ast-page-background-enabled":"default","ast-page-background-meta":{"desktop":{"background-color":"var(--ast-global-color-5)","background-image":"","background-repeat":"repeat","background-position":"center center","background-size":"auto","background-attachment":"scroll","background-type":"","background-media":"","overlay-type":"","overlay-color":"","overlay-opacity":"","overlay-gradient":""},"tablet":{"background-color":"","background-image":"","background-repeat":"repeat","background-position":"center center","background-size":"auto","background-attachment":"scroll","background-type":"","background-media":"","overlay-type":"","overlay-color":"","overlay-opacity":"","overlay-gradient":""},"mobile":{"background-color":"","background-image":"","background-repeat":"repeat","background-position":"center center","background-size":"auto","background-attachment":"scroll","background-type":"","background-media":"","overlay-type":"","overlay-color":"","overlay-opacity":"","overlay-gradient":""}},"ast-content-background-meta":{"desktop":{"background-color":"var(--ast-global-color-4)","background-image":"","background-repeat":"repeat","background-position":"center center","background-size":"auto","background-attachment":"scroll","background-type":"","background-media":"","overlay-type":"","overlay-color":"","overlay-opacity":"","overlay-gradient":""},"tablet":{"background-color":"var(--ast-global-color-4)","background-image":"","background-repeat":"repeat","background-position":"center center","background-size":"auto","background-attachment":"scroll","background-type":"","background-media":"","overlay-type":"","overlay-color":"","overlay-opacity":"","overlay-gradient":""},"mobile":{"background-color":"var(--ast-global-color-4)","background-image":"","background-repeat":"repeat","background-position":"center center","background-size":"auto","background-attachment":"scroll","background-type":"","background-media":"","overlay-type":"","overlay-color":"","overlay-opacity":"","overlay-gradient":""}},"footnotes":""},"class_list":["post-44","page","type-page","status-publish","has-post-thumbnail","hentry"],"yoast_head":"<!-- This site is optimized with the Yoast SEO plugin v21.5 - https:\/\/yoast.com\/wordpress\/plugins\/seo\/ -->\n<title>Restaurantes en Alcudia | Sabores que Deleitan<\/title>\n<meta name=\"description\" content=\"Descubre una ecl\u00e9ctica selecci\u00f3n de restaurantes en Alcudia, donde los sabores aut\u00e9nticos y la hospitalidad excepcional se unen. Desde la cocina mediterr\u00e1nea hasta platos internacionales, explora una experiencia gastron\u00f3mica \u00fanica en Alcudia.\" \/>\n<meta name=\"robots\" content=\"index, follow, max-snippet:-1, max-image-preview:large, max-video-preview:-1\" \/>\n<link rel=\"canonical\" href=\"https:\/\/hostaldiana.com\/?page_id=44\" \/>\n<meta property=\"og:locale\" content=\"es_ES\" \/>\n<meta property=\"og:type\" content=\"article\" \/>\n<meta property=\"og:title\" content=\"Restaurantes en Alcudia | Sabores que Deleitan\" \/>\n<meta property=\"og:description\" content=\"Descubre una ecl\u00e9ctica selecci\u00f3n de restaurantes en Alcudia, donde los sabores aut\u00e9nticos y la hospitalidad excepcional se unen. Desde la cocina mediterr\u00e1nea hasta platos internacionales, explora una experiencia gastron\u00f3mica \u00fanica en Alcudia.\" \/>\n<meta property=\"og:url\" content=\"https:\/\/hostaldiana.com\/?page_id=44\" \/>\n<meta property=\"article:publisher\" content=\"https:\/\/www.facebook.com\/HostalEleganceDiana\/\" \/>\n<meta property=\"article:modified_time\" content=\"2023-09-18T15:03:00+00:00\" \/>\n<meta property=\"og:image\" content=\"https:\/\/hostaldiana.com\/wp-content\/uploads\/2023\/09\/Comida-mediterranea-Mallorca-Restaurante-puerto-de-Alcudia-cerca-de-Hostal-Diana-Elegance.jpg\" \/>\n\t<meta property=\"og:image:width\" content=\"1340\" \/>\n\t<meta property=\"og:image:height\" content=\"746\" \/>\n\t<meta property=\"og:image:type\" content=\"image\/jpeg\" \/>\n<meta name=\"twitter:card\" content=\"summary_large_image\" \/>\n<meta name=\"twitter:label1\" content=\"Tiempo de lectura\" \/>\n\t<meta name=\"twitter:data1\" content=\"2 minutos\" \/>\n<script type=\"application\/ld+json\" class=\"yoast-schema-graph\">{\"@context\":\"https:\/\/schema.org\",\"@graph\":[{\"@type\":\"WebPage\",\"@id\":\"https:\/\/hostaldiana.com\/?page_id=44\",\"url\":\"https:\/\/hostaldiana.com\/?page_id=44\",\"name\":\"Restaurantes en Alcudia | Sabores que Deleitan\",\"isPartOf\":{\"@id\":\"https:\/\/hostaldiana.com\/#website\"},\"datePublished\":\"2016-11-24T18:10:10+00:00\",\"dateModified\":\"2023-09-18T15:03:00+00:00\",\"description\":\"Descubre una ecl\u00e9ctica selecci\u00f3n de restaurantes en Alcudia, donde los sabores aut\u00e9nticos y la hospitalidad excepcional se unen. Desde la cocina mediterr\u00e1nea hasta platos internacionales, explora una experiencia gastron\u00f3mica \u00fanica en Alcudia.\",\"breadcrumb\":{\"@id\":\"https:\/\/hostaldiana.com\/?page_id=44#breadcrumb\"},\"inLanguage\":\"es\",\"potentialAction\":[{\"@type\":\"ReadAction\",\"target\":[\"https:\/\/hostaldiana.com\/?page_id=44\"]}]},{\"@type\":\"BreadcrumbList\",\"@id\":\"https:\/\/hostaldiana.com\/?page_id=44#breadcrumb\",\"itemListElement\":[{\"@type\":\"ListItem\",\"position\":1,\"name\":\"Portada\",\"item\":\"https:\/\/hostaldiana.com\/\"},{\"@type\":\"ListItem\",\"position\":2,\"name\":\"Restaurantes\"}]},{\"@type\":\"WebSite\",\"@id\":\"https:\/\/hostaldiana.com\/#website\",\"url\":\"https:\/\/hostaldiana.com\/\",\"name\":\"Hostal Elegance Diana\",\"description\":\"\",\"publisher\":{\"@id\":\"https:\/\/hostaldiana.com\/#organization\"},\"alternateName\":\"Hostal Diana\",\"potentialAction\":[{\"@type\":\"SearchAction\",\"target\":{\"@type\":\"EntryPoint\",\"urlTemplate\":\"https:\/\/hostaldiana.com\/?s={search_term_string}\"},\"query-input\":\"required name=search_term_string\"}],\"inLanguage\":\"es\"},{\"@type\":\"Organization\",\"@id\":\"https:\/\/hostaldiana.com\/#organization\",\"name\":\"Elegance Hotels & Resort\",\"url\":\"https:\/\/hostaldiana.com\/\",\"logo\":{\"@type\":\"ImageObject\",\"inLanguage\":\"es\",\"@id\":\"https:\/\/hostaldiana.com\/#\/schema\/logo\/image\/\",\"url\":\"https:\/\/hostaldiana.com\/wp-content\/uploads\/2023\/09\/Logo-Hostal-Diana-Blanco.png\",\"contentUrl\":\"https:\/\/hostaldiana.com\/wp-content\/uploads\/2023\/09\/Logo-Hostal-Diana-Blanco.png\",\"width\":512,\"height\":247,\"caption\":\"Elegance Hotels & Resort\"},\"image\":{\"@id\":\"https:\/\/hostaldiana.com\/#\/schema\/logo\/image\/\"},\"sameAs\":[\"https:\/\/www.facebook.com\/HostalEleganceDiana\/\"]}]}<\/script>\n<!-- \/ Yoast SEO plugin. -->","yoast_head_json":{"title":"Restaurantes en Alcudia | Sabores que Deleitan","description":"Descubre una ecl\u00e9ctica selecci\u00f3n de restaurantes en Alcudia, donde los sabores aut\u00e9nticos y la hospitalidad excepcional se unen. Desde la cocina mediterr\u00e1nea hasta platos internacionales, explora una experiencia gastron\u00f3mica \u00fanica en Alcudia.","robots":{"index":"index","follow":"follow","max-snippet":"max-snippet:-1","max-image-preview":"max-image-preview:large","max-video-preview":"max-video-preview:-1"},"canonical":"https:\/\/hostaldiana.com\/?page_id=44","og_locale":"es_ES","og_type":"article","og_title":"Restaurantes en Alcudia | Sabores que Deleitan","og_description":"Descubre una ecl\u00e9ctica selecci\u00f3n de restaurantes en Alcudia, donde los sabores aut\u00e9nticos y la hospitalidad excepcional se unen. Desde la cocina mediterr\u00e1nea hasta platos internacionales, explora una experiencia gastron\u00f3mica \u00fanica en Alcudia.","og_url":"https:\/\/hostaldiana.com\/?page_id=44","article_publisher":"https:\/\/www.facebook.com\/HostalEleganceDiana\/","article_modified_time":"2023-09-18T15:03:00+00:00","og_image":[{"width":1340,"height":746,"url":"https:\/\/hostaldiana.com\/wp-content\/uploads\/2023\/09\/Comida-mediterranea-Mallorca-Restaurante-puerto-de-Alcudia-cerca-de-Hostal-Diana-Elegance.jpg","type":"image\/jpeg"}],"twitter_card":"summary_large_image","twitter_misc":{"Tiempo de lectura":"2 minutos"},"schema":{"@context":"https:\/\/schema.org","@graph":[{"@type":"WebPage","@id":"https:\/\/hostaldiana.com\/?page_id=44","url":"https:\/\/hostaldiana.com\/?page_id=44","name":"Restaurantes en Alcudia | Sabores que Deleitan","isPartOf":{"@id":"https:\/\/hostaldiana.com\/#website"},"datePublished":"2016-11-24T18:10:10+00:00","dateModified":"2023-09-18T15:03:00+00:00","description":"Descubre una ecl\u00e9ctica selecci\u00f3n de restaurantes en Alcudia, donde los sabores aut\u00e9nticos y la hospitalidad excepcional se unen. Desde la cocina mediterr\u00e1nea hasta platos internacionales, explora una experiencia gastron\u00f3mica \u00fanica en Alcudia.","breadcrumb":{"@id":"https:\/\/hostaldiana.com\/?page_id=44#breadcrumb"},"inLanguage":"es","potentialAction":[{"@type":"ReadAction","target":["https:\/\/hostaldiana.com\/?page_id=44"]}]},{"@type":"BreadcrumbList","@id":"https:\/\/hostaldiana.com\/?page_id=44#breadcrumb","itemListElement":[{"@type":"ListItem","position":1,"name":"Portada","item":"https:\/\/hostaldiana.com\/"},{"@type":"ListItem","position":2,"name":"Restaurantes"}]},{"@type":"WebSite","@id":"https:\/\/hostaldiana.com\/#website","url":"https:\/\/hostaldiana.com\/","name":"Hostal Elegance Diana","description":"","publisher":{"@id":"https:\/\/hostaldiana.com\/#organization"},"alternateName":"Hostal Diana","potentialAction":[{"@type":"SearchAction","target":{"@type":"EntryPoint","urlTemplate":"https:\/\/hostaldiana.com\/?s={search_term_string}"},"query-input":"required name=search_term_string"}],"inLanguage":"es"},{"@type":"Organization","@id":"https:\/\/hostaldiana.com\/#organization","name":"Elegance Hotels & Resort","url":"https:\/\/hostaldiana.com\/","logo":{"@type":"ImageObject","inLanguage":"es","@id":"https:\/\/hostaldiana.com\/#\/schema\/logo\/image\/","url":"https:\/\/hostaldiana.com\/wp-content\/uploads\/2023\/09\/Logo-Hostal-Diana-Blanco.png","contentUrl":"https:\/\/hostaldiana.com\/wp-content\/uploads\/2023\/09\/Logo-Hostal-Diana-Blanco.png","width":512,"height":247,"caption":"Elegance Hotels & Resort"},"image":{"@id":"https:\/\/hostaldiana.com\/#\/schema\/logo\/image\/"},"sameAs":["https:\/\/www.facebook.com\/HostalEleganceDiana\/"]}]}},"_links":{"self":[{"href":"https:\/\/hostaldiana.com\/index.php?rest_route=\/wp\/v2\/pages\/44","targetHints":{"allow":["GET"]}}],"collection":[{"href":"https:\/\/hostaldiana.com\/index.php?rest_route=\/wp\/v2\/pages"}],"about":[{"href":"https:\/\/hostaldiana.com\/index.php?rest_route=\/wp\/v2\/types\/page"}],"author":[{"embeddable":true,"href":"https:\/\/hostaldiana.com\/index.php?rest_route=\/wp\/v2\/users\/3"}],"replies":[{"embeddable":true,"href":"https:\/\/hostaldiana.com\/index.php?rest_route=%2Fwp%2Fv2%2Fcomments&post=44"}],"version-history":[{"count":16,"href":"https:\/\/hostaldiana.com\/index.php?rest_route=\/wp\/v2\/pages\/44\/revisions"}],"predecessor-version":[{"id":1153,"href":"https:\/\/hostaldiana.com\/index.php?rest_route=\/wp\/v2\/pages\/44\/revisions\/1153"}],"wp:featuredmedia":[{"embeddable":true,"href":"https:\/\/hostaldiana.com\/index.php?rest_route=\/wp\/v2\/media\/1136"}],"wp:attachment":[{"href":"https:\/\/hostaldiana.com\/index.php?rest_route=%2Fwp%2Fv2%2Fmedia&parent=44"}],"curies":[{"name":"wp","href":"https:\/\/api.w.org\/{rel}","templated":true}]}}