{"id":48,"date":"2016-11-24T18:10:50","date_gmt":"2016-11-24T18:10:50","guid":{"rendered":"http:\/\/plethorathemes.com\/hotel-xenia\/?page_id=48"},"modified":"2023-09-21T14:20:23","modified_gmt":"2023-09-21T14:20:23","slug":"contacto","status":"publish","type":"page","link":"https:\/\/hostaldiana.com\/?page_id=48","title":{"rendered":"Contacto"},"content":{"rendered":"<section class=\"wpb-content-wrapper\"><p>[vc_row row_padding_bottom=\u00bbpadding_bottom_1-4&#8243;][vc_column][vc_raw_html]JTNDaWZyYW1lJTIwc3JjJTNEJTIyaHR0cHMlM0ElMkYlMkZ3d3cuZ29vZ2xlLmNvbSUyRm1hcHMlMkZlbWJlZCUzRnBiJTNEJTIxMW0xOCUyMTFtMTIlMjExbTMlMjExZDMwNjMuNDU1NzQ0NDI5OTQ1JTIxMmQzLjEzMjc5Mjk3NTk4MjY0NDclMjEzZDM5Ljg0MTYxODY3MTUzNzkxJTIxMm0zJTIxMWYwJTIxMmYwJTIxM2YwJTIxM20yJTIxMWkxMDI0JTIxMmk3NjglMjE0ZjEzLjElMjEzbTMlMjExbTIlMjExczB4MTI5NjJkZGQ1OTUxZjEwMSUyNTNBMHhhMWFkOTEwNWFkNDU2YmM5JTIxMnNFbGVnYW5jZSUyNTIwRGlhbmElMjE1ZTAlMjEzbTIlMjExc2VzJTIxMnNlcyUyMTR2MTY5NTMwNTkxMjkxOCUyMTVtMiUyMTFzZXMlMjEyc2VzJTIyJTIwd2lkdGglM0QlMjIxMjAwJTIyJTIwaGVpZ2h0JTNEJTIyNjAwJTIyJTIwc3R5bGUlM0QlMjJib3JkZXIlM0EwJTNCJTIyJTIwYWxsb3dmdWxsc2NyZWVuJTNEJTIyJTIyJTIwbG9hZGluZyUzRCUyMmxhenklMjIlMjByZWZlcnJlcnBvbGljeSUzRCUyMm5vLXJlZmVycmVyLXdoZW4tZG93bmdyYWRlJTIyJTNFJTNDJTJGaWZyYW1lJTNF[\/vc_raw_html][vc_column_text][wpgmza id=\u00bb1&#8243;][\/vc_column_text][\/vc_column][\/vc_row][vc_row row_padding_top=\u00bbpadding_top_none\u00bb row_padding_bottom=\u00bbpadding_bottom_none\u00bb][vc_column width=\u00bb2\/3&#8243; offset=\u00bbvc_col-sm-offset-2&#8243;][vc_column_text]<\/p>\n<h3 style=\"text-align: center;\">HOSTAL ELEGANCE DIANA LOCATION<\/h3>\n<p>[\/vc_column_text][plethora_button button_text=\u00bbOBTENER LAS DIRECCIONES\u00bb button_link=\u00bburl:https%3A%2F%2Fwww.google.com%2Fmaps%2Fplace%2FElegance%2BDiana%2F%4039.8416187%2C3.1353679%2C15z%2Fdata%3D!4m9!3m8!1s0x12962ddd5951f101%3A0xa1ad9105ad456bc9!5m2!4m1!1i2!8m2!3d39.8416187!4d3.1353679!16s%252Fg%252F11v9gj5fqj%3Fentry%3Dttu\u00bb button_style2=\u00bbbtn-link\u00bb button_align=\u00bbtext-center\u00bb button_with_icon=\u00bb0&#8243;][\/vc_column][\/vc_row][vc_row row_padding_top=\u00bbpadding_top_none\u00bb][vc_column width=\u00bb1\/3&#8243;][plethora_teaserbox orientation_style=\u00bbvertical\u00bb title=\u00bbConcierge\u00bb media_type=\u00bbicon\u00bb icon=\u00bbfa fa-info-circle\u00bb]En nuestro hostal, contamos con un concierge disponible para ayudarte con todas tus necesidades, desde alquilar un coche hasta organizar salidas en barco y mucho m\u00e1s.[\/plethora_teaserbox][\/vc_column][vc_column width=\u00bb1\/3&#8243;][plethora_teaserbox orientation_style=\u00bbvertical\u00bb title=\u00bbTelefono\u00bb media_type=\u00bbicon\u00bb icon=\u00bbfa fa-phone-flip\u00bb]Estaremos encantados de responder a sus preguntas o darle indicaciones por tel\u00e9fono.<br \/>\n+34 971 548 485\u202c[\/plethora_teaserbox][\/vc_column][vc_column width=\u00bb1\/3&#8243;][plethora_teaserbox orientation_style=\u00bbvertical\u00bb title=\u00bbE-mail\u00bb media_type=\u00bbicon\u00bb icon=\u00bbfa fa-mail-bulk\u00bb]Si est\u00e1 en movimiento y a\u00fan desea hacer una pregunta, simplemente env\u00edenos un correo electr\u00f3nico.<b>diana@hostaldiana.com<\/b>[\/plethora_teaserbox][\/vc_column][\/vc_row][vc_row full_width=\u00bbstretch_row\u00bb color_set=\u00bbwhite_section\u00bb align=\u00bbtext-center\u00bb el_class=\u00bblarge_form\u00bb][vc_column width=\u00bb2\/3&#8243; offset=\u00bbvc_col-sm-offset-2&#8243;][plethora_headinggroup divider=\u00bb1&#8243;]<\/p>\n<h2>FORMULARIO DE CONTACTO<\/h2>\n<p>[\/plethora_headinggroup][vc_column_text]<\/p>\n<p style=\"text-align: center;\">Todav\u00eda puedes contactarnos aqu\u00ed y ahora. Utilice este formulario de contacto para enviar un correo electr\u00f3nico. Generalmente respondemos en 1 d\u00eda h\u00e1bil.<\/p>\n<p>[\/vc_column_text]\n<div class=\"wpcf7 no-js\" id=\"wpcf7-f5-o1\" lang=\"en-US\" dir=\"ltr\">\n<div class=\"screen-reader-response\"><p role=\"status\" aria-live=\"polite\" aria-atomic=\"true\"><\/p> <ul><\/ul><\/div>\n<form action=\"\/index.php?rest_route=%2Fwp%2Fv2%2Fpages%2F48#wpcf7-f5-o1\" method=\"post\" class=\"wpcf7-form init\" aria-label=\"Contact form\" novalidate=\"novalidate\" data-status=\"init\">\n<div style=\"display: none;\">\n<input type=\"hidden\" name=\"_wpcf7\" value=\"5\" \/>\n<input type=\"hidden\" name=\"_wpcf7_version\" value=\"5.8.2\" \/>\n<input type=\"hidden\" name=\"_wpcf7_locale\" value=\"en_US\" \/>\n<input type=\"hidden\" name=\"_wpcf7_unit_tag\" value=\"wpcf7-f5-o1\" \/>\n<input type=\"hidden\" name=\"_wpcf7_container_post\" value=\"0\" \/>\n<input type=\"hidden\" name=\"_wpcf7_posted_data_hash\" value=\"\" \/>\n<\/div>\n<p><span class=\"wpcf7-form-control-wrap\" data-name=\"your-name\"><input size=\"40\" class=\"wpcf7-form-control wpcf7-text wpcf7-validates-as-required\" aria-required=\"true\" aria-invalid=\"false\" placeholder=\"Nombre\" value=\"\" type=\"text\" name=\"your-name\" \/><\/span>\n<\/p>\n<p><span class=\"wpcf7-form-control-wrap\" data-name=\"your-email\"><input size=\"40\" class=\"wpcf7-form-control wpcf7-email wpcf7-validates-as-required wpcf7-text wpcf7-validates-as-email\" aria-required=\"true\" aria-invalid=\"false\" placeholder=\"E-mail\" value=\"\" type=\"email\" name=\"your-email\" \/><\/span>\n<\/p>\n<p><span class=\"wpcf7-form-control-wrap\" data-name=\"your-subject\"><input size=\"40\" class=\"wpcf7-form-control wpcf7-text\" aria-invalid=\"false\" placeholder=\"Asunto\" value=\"\" type=\"text\" name=\"your-subject\" \/><\/span>\n<\/p>\n<p><span class=\"wpcf7-form-control-wrap\" data-name=\"your-message\"><textarea cols=\"40\" rows=\"10\" class=\"wpcf7-form-control wpcf7-textarea\" aria-invalid=\"false\" placeholder=\"Tu mensaje\" name=\"your-message\"><\/textarea><\/span>\n<\/p>\n<p><button class=\"btn btn-primary item_centered\" type=\"submit\">Enviar!<\/button>\n<\/p><div class=\"wpcf7-response-output\" aria-hidden=\"true\"><\/div>\n<\/form>\n<\/div>\n[\/vc_column][\/vc_row][vc_row full_width=\u00bbstretch_row\u00bb color_set=\u00bbblack_section\u00bb transparent_overlay=\u00bbtransparent_film\u00bb align=\u00bbtext-center\u00bb css=\u00bb.vc_custom_1695135591038{background-image: url(https:\/\/hostaldiana.com\/wp-content\/uploads\/2023\/09\/Hostal-Diana-Elegance-Hostal-economico-puerto-de-alcudia-.jpg?id=1010) !important;}\u00bb el_class=\u00bblarge_form\u00bb][vc_column width=\u00bb2\/3&#8243; offset=\u00bbvc_col-sm-offset-2&#8243;][plethora_headinggroup divider=\u00bb1&#8243;]<\/p>\n<h2>Boletin informativo<\/h2>\n<p>[\/plethora_headinggroup][vc_column_text]<\/p>\n<p style=\"text-align: center;\">Suscr\u00edbete a nuestra newsletter y obt\u00e9n acceso gratuito (y anticipado) a nuestras noticias, nuestras historias y ofertas exclusivas de Hostal Diana.<\/p>\n<p>[\/vc_column_text][plethora_mailchimp mailchimp_form=\u00bb379&#8243;][\/vc_column][\/vc_row]<\/p>\n<\/section>","protected":false},"excerpt":{"rendered":"<p>[vc_row row_padding_bottom=\u00bbpadding_bottom_1-4&#8243;][vc_column][vc_raw_html]JTNDaWZyYW1lJTIwc3JjJTNEJTIyaHR0cHMlM0ElMkYlMkZ3d3cuZ29vZ2xlLmNvbSUyRm1hcHMlMkZlbWJlZCUzRnBiJTNEJTIxMW0xOCUyMTFtMTIlMjExbTMlMjExZDMwNjMuNDU1NzQ0NDI5OTQ1JTIxMmQzLjEzMjc5Mjk3NTk4MjY0NDclMjEzZDM5Ljg0MTYxODY3MTUzNzkxJTIxMm0zJTIxMWYwJTIxMmYwJTIxM2YwJTIxM20yJTIxMWkxMDI0JTIxMmk3NjglMjE0ZjEzLjElMjEzbTMlMjExbTIlMjExczB4MTI5NjJkZGQ1OTUxZjEwMSUyNTNBMHhhMWFkOTEwNWFkNDU2YmM5JTIxMnNFbGVnYW5jZSUyNTIwRGlhbmElMjE1ZTAlMjEzbTIlMjExc2VzJTIxMnNlcyUyMTR2MTY5NTMwNTkxMjkxOCUyMTVtMiUyMTFzZXMlMjEyc2VzJTIyJTIwd2lkdGglM0QlMjIxMjAwJTIyJTIwaGVpZ2h0JTNEJTIyNjAwJTIyJTIwc3R5bGUlM0QlMjJib3JkZXIlM0EwJTNCJTIyJTIwYWxsb3dmdWxsc2NyZWVuJTNEJTIyJTIyJTIwbG9hZGluZyUzRCUyMmxhenklMjIlMjByZWZlcnJlcnBvbGljeSUzRCUyMm5vLXJlZmVycmVyLXdoZW4tZG93bmdyYWRlJTIyJTNFJTNDJTJGaWZyYW1lJTNF[\/vc_raw_html][vc_column_text][wpgmza id=\u00bb1&#8243;][\/vc_column_text][\/vc_column][\/vc_row][vc_row row_padding_top=\u00bbpadding_top_none\u00bb row_padding_bottom=\u00bbpadding_bottom_none\u00bb][vc_column width=\u00bb2\/3&#8243; offset=\u00bbvc_col-sm-offset-2&#8243;][vc_column_text] HOSTAL ELEGANCE DIANA LOCATION [\/vc_column_text][plethora_button button_text=\u00bbOBTENER LAS DIRECCIONES\u00bb button_link=\u00bburl:https%3A%2F%2Fwww.google.com%2Fmaps%2Fplace%2FElegance%2BDiana%2F%4039.8416187%2C3.1353679%2C15z%2Fdata%3D!4m9!3m8!1s0x12962ddd5951f101%3A0xa1ad9105ad456bc9!5m2!4m1!1i2!8m2!3d39.8416187!4d3.1353679!16s%252Fg%252F11v9gj5fqj%3Fentry%3Dttu\u00bb button_style2=\u00bbbtn-link\u00bb button_align=\u00bbtext-center\u00bb button_with_icon=\u00bb0&#8243;][\/vc_column][\/vc_row][vc_row row_padding_top=\u00bbpadding_top_none\u00bb][vc_column [&hellip;]<\/p>\n","protected":false},"author":3,"featured_media":955,"parent":0,"menu_order":0,"comment_status":"closed","ping_status":"closed","template":"","meta":{"site-sidebar-layout":"no-sidebar","site-content-layout":"plain-container","ast-site-content-layout":"default","site-content-style":"default","site-sidebar-style":"default","ast-global-header-display":"","ast-banner-title-visibility":"","ast-main-header-display":"","ast-hfb-above-header-display":"","ast-hfb-below-header-display":"","ast-hfb-mobile-header-display":"","site-post-title":"disabled","ast-breadcrumbs-content":"","ast-featured-img":"disabled","footer-sml-layout":"","ast-disable-related-posts":"","theme-transparent-header-meta":"","adv-header-id-meta":"","stick-header-meta":"","header-above-stick-meta":"","header-main-stick-meta":"","header-below-stick-meta":"","astra-migrate-meta-layouts":"default","ast-page-background-enabled":"default","ast-page-background-meta":{"desktop":{"background-color":"var(--ast-global-color-5)","background-image":"","background-repeat":"repeat","background-position":"center center","background-size":"auto","background-attachment":"scroll","background-type":"","background-media":"","overlay-type":"","overlay-color":"","overlay-opacity":"","overlay-gradient":""},"tablet":{"background-color":"","background-image":"","background-repeat":"repeat","background-position":"center center","background-size":"auto","background-attachment":"scroll","background-type":"","background-media":"","overlay-type":"","overlay-color":"","overlay-opacity":"","overlay-gradient":""},"mobile":{"background-color":"","background-image":"","background-repeat":"repeat","background-position":"center center","background-size":"auto","background-attachment":"scroll","background-type":"","background-media":"","overlay-type":"","overlay-color":"","overlay-opacity":"","overlay-gradient":""}},"ast-content-background-meta":{"desktop":{"background-color":"var(--ast-global-color-4)","background-image":"","background-repeat":"repeat","background-position":"center center","background-size":"auto","background-attachment":"scroll","background-type":"","background-media":"","overlay-type":"","overlay-color":"","overlay-opacity":"","overlay-gradient":""},"tablet":{"background-color":"var(--ast-global-color-4)","background-image":"","background-repeat":"repeat","background-position":"center center","background-size":"auto","background-attachment":"scroll","background-type":"","background-media":"","overlay-type":"","overlay-color":"","overlay-opacity":"","overlay-gradient":""},"mobile":{"background-color":"var(--ast-global-color-4)","background-image":"","background-repeat":"repeat","background-position":"center center","background-size":"auto","background-attachment":"scroll","background-type":"","background-media":"","overlay-type":"","overlay-color":"","overlay-opacity":"","overlay-gradient":""}},"footnotes":""},"class_list":["post-48","page","type-page","status-publish","has-post-thumbnail","hentry"],"yoast_head":"<!-- This site is optimized with the Yoast SEO plugin v21.5 - https:\/\/yoast.com\/wordpress\/plugins\/seo\/ -->\n<title>Contacto |<\/title>\n<meta name=\"robots\" content=\"index, follow, max-snippet:-1, max-image-preview:large, max-video-preview:-1\" \/>\n<link rel=\"canonical\" href=\"https:\/\/hostaldiana.com\/?page_id=48\" \/>\n<meta property=\"og:locale\" content=\"es_ES\" \/>\n<meta property=\"og:type\" content=\"article\" \/>\n<meta property=\"og:title\" content=\"Contacto |\" \/>\n<meta property=\"og:description\" content=\"[vc_row row_padding_bottom=\u00bbpadding_bottom_1-4&#8243;][vc_column][vc_raw_html]JTNDaWZyYW1lJTIwc3JjJTNEJTIyaHR0cHMlM0ElMkYlMkZ3d3cuZ29vZ2xlLmNvbSUyRm1hcHMlMkZlbWJlZCUzRnBiJTNEJTIxMW0xOCUyMTFtMTIlMjExbTMlMjExZDMwNjMuNDU1NzQ0NDI5OTQ1JTIxMmQzLjEzMjc5Mjk3NTk4MjY0NDclMjEzZDM5Ljg0MTYxODY3MTUzNzkxJTIxMm0zJTIxMWYwJTIxMmYwJTIxM2YwJTIxM20yJTIxMWkxMDI0JTIxMmk3NjglMjE0ZjEzLjElMjEzbTMlMjExbTIlMjExczB4MTI5NjJkZGQ1OTUxZjEwMSUyNTNBMHhhMWFkOTEwNWFkNDU2YmM5JTIxMnNFbGVnYW5jZSUyNTIwRGlhbmElMjE1ZTAlMjEzbTIlMjExc2VzJTIxMnNlcyUyMTR2MTY5NTMwNTkxMjkxOCUyMTVtMiUyMTFzZXMlMjEyc2VzJTIyJTIwd2lkdGglM0QlMjIxMjAwJTIyJTIwaGVpZ2h0JTNEJTIyNjAwJTIyJTIwc3R5bGUlM0QlMjJib3JkZXIlM0EwJTNCJTIyJTIwYWxsb3dmdWxsc2NyZWVuJTNEJTIyJTIyJTIwbG9hZGluZyUzRCUyMmxhenklMjIlMjByZWZlcnJlcnBvbGljeSUzRCUyMm5vLXJlZmVycmVyLXdoZW4tZG93bmdyYWRlJTIyJTNFJTNDJTJGaWZyYW1lJTNF[\/vc_raw_html][vc_column_text][wpgmza id=\u00bb1&#8243;][\/vc_column_text][\/vc_column][\/vc_row][vc_row row_padding_top=\u00bbpadding_top_none\u00bb row_padding_bottom=\u00bbpadding_bottom_none\u00bb][vc_column width=\u00bb2\/3&#8243; offset=\u00bbvc_col-sm-offset-2&#8243;][vc_column_text] HOSTAL ELEGANCE DIANA LOCATION [\/vc_column_text][plethora_button button_text=\u00bbOBTENER LAS DIRECCIONES\u00bb button_link=\u00bburl:https%3A%2F%2Fwww.google.com%2Fmaps%2Fplace%2FElegance%2BDiana%2F%4039.8416187%2C3.1353679%2C15z%2Fdata%3D!4m9!3m8!1s0x12962ddd5951f101%3A0xa1ad9105ad456bc9!5m2!4m1!1i2!8m2!3d39.8416187!4d3.1353679!16s%252Fg%252F11v9gj5fqj%3Fentry%3Dttu\u00bb button_style2=\u00bbbtn-link\u00bb button_align=\u00bbtext-center\u00bb button_with_icon=\u00bb0&#8243;][\/vc_column][\/vc_row][vc_row row_padding_top=\u00bbpadding_top_none\u00bb][vc_column [&hellip;]\" \/>\n<meta property=\"og:url\" content=\"https:\/\/hostaldiana.com\/?page_id=48\" \/>\n<meta property=\"article:publisher\" content=\"https:\/\/www.facebook.com\/HostalEleganceDiana\/\" \/>\n<meta property=\"article:modified_time\" content=\"2023-09-21T14:20:23+00:00\" \/>\n<meta property=\"og:image\" content=\"https:\/\/hostaldiana.com\/wp-content\/uploads\/2023\/09\/Hostal-Diana-Elegance-puerto-de-alcudia.jpg\" \/>\n\t<meta property=\"og:image:width\" content=\"1920\" \/>\n\t<meta property=\"og:image:height\" content=\"500\" \/>\n\t<meta property=\"og:image:type\" content=\"image\/jpeg\" \/>\n<meta name=\"twitter:card\" content=\"summary_large_image\" \/>\n<meta name=\"twitter:label1\" content=\"Tiempo de lectura\" \/>\n\t<meta name=\"twitter:data1\" content=\"1 minuto\" \/>\n<script type=\"application\/ld+json\" class=\"yoast-schema-graph\">{\"@context\":\"https:\/\/schema.org\",\"@graph\":[{\"@type\":\"WebPage\",\"@id\":\"https:\/\/hostaldiana.com\/?page_id=48\",\"url\":\"https:\/\/hostaldiana.com\/?page_id=48\",\"name\":\"Contacto |\",\"isPartOf\":{\"@id\":\"https:\/\/hostaldiana.com\/#website\"},\"datePublished\":\"2016-11-24T18:10:50+00:00\",\"dateModified\":\"2023-09-21T14:20:23+00:00\",\"breadcrumb\":{\"@id\":\"https:\/\/hostaldiana.com\/?page_id=48#breadcrumb\"},\"inLanguage\":\"es\",\"potentialAction\":[{\"@type\":\"ReadAction\",\"target\":[\"https:\/\/hostaldiana.com\/?page_id=48\"]}]},{\"@type\":\"BreadcrumbList\",\"@id\":\"https:\/\/hostaldiana.com\/?page_id=48#breadcrumb\",\"itemListElement\":[{\"@type\":\"ListItem\",\"position\":1,\"name\":\"Portada\",\"item\":\"https:\/\/hostaldiana.com\/\"},{\"@type\":\"ListItem\",\"position\":2,\"name\":\"Contacto\"}]},{\"@type\":\"WebSite\",\"@id\":\"https:\/\/hostaldiana.com\/#website\",\"url\":\"https:\/\/hostaldiana.com\/\",\"name\":\"Hostal Elegance Diana\",\"description\":\"\",\"publisher\":{\"@id\":\"https:\/\/hostaldiana.com\/#organization\"},\"alternateName\":\"Hostal Diana\",\"potentialAction\":[{\"@type\":\"SearchAction\",\"target\":{\"@type\":\"EntryPoint\",\"urlTemplate\":\"https:\/\/hostaldiana.com\/?s={search_term_string}\"},\"query-input\":\"required name=search_term_string\"}],\"inLanguage\":\"es\"},{\"@type\":\"Organization\",\"@id\":\"https:\/\/hostaldiana.com\/#organization\",\"name\":\"Elegance Hotels & Resort\",\"url\":\"https:\/\/hostaldiana.com\/\",\"logo\":{\"@type\":\"ImageObject\",\"inLanguage\":\"es\",\"@id\":\"https:\/\/hostaldiana.com\/#\/schema\/logo\/image\/\",\"url\":\"https:\/\/hostaldiana.com\/wp-content\/uploads\/2023\/09\/Logo-Hostal-Diana-Blanco.png\",\"contentUrl\":\"https:\/\/hostaldiana.com\/wp-content\/uploads\/2023\/09\/Logo-Hostal-Diana-Blanco.png\",\"width\":512,\"height\":247,\"caption\":\"Elegance Hotels & Resort\"},\"image\":{\"@id\":\"https:\/\/hostaldiana.com\/#\/schema\/logo\/image\/\"},\"sameAs\":[\"https:\/\/www.facebook.com\/HostalEleganceDiana\/\"]}]}<\/script>\n<!-- \/ Yoast SEO plugin. -->","yoast_head_json":{"title":"Contacto |","robots":{"index":"index","follow":"follow","max-snippet":"max-snippet:-1","max-image-preview":"max-image-preview:large","max-video-preview":"max-video-preview:-1"},"canonical":"https:\/\/hostaldiana.com\/?page_id=48","og_locale":"es_ES","og_type":"article","og_title":"Contacto |","og_description":"[vc_row row_padding_bottom=\u00bbpadding_bottom_1-4&#8243;][vc_column][vc_raw_html]JTNDaWZyYW1lJTIwc3JjJTNEJTIyaHR0cHMlM0ElMkYlMkZ3d3cuZ29vZ2xlLmNvbSUyRm1hcHMlMkZlbWJlZCUzRnBiJTNEJTIxMW0xOCUyMTFtMTIlMjExbTMlMjExZDMwNjMuNDU1NzQ0NDI5OTQ1JTIxMmQzLjEzMjc5Mjk3NTk4MjY0NDclMjEzZDM5Ljg0MTYxODY3MTUzNzkxJTIxMm0zJTIxMWYwJTIxMmYwJTIxM2YwJTIxM20yJTIxMWkxMDI0JTIxMmk3NjglMjE0ZjEzLjElMjEzbTMlMjExbTIlMjExczB4MTI5NjJkZGQ1OTUxZjEwMSUyNTNBMHhhMWFkOTEwNWFkNDU2YmM5JTIxMnNFbGVnYW5jZSUyNTIwRGlhbmElMjE1ZTAlMjEzbTIlMjExc2VzJTIxMnNlcyUyMTR2MTY5NTMwNTkxMjkxOCUyMTVtMiUyMTFzZXMlMjEyc2VzJTIyJTIwd2lkdGglM0QlMjIxMjAwJTIyJTIwaGVpZ2h0JTNEJTIyNjAwJTIyJTIwc3R5bGUlM0QlMjJib3JkZXIlM0EwJTNCJTIyJTIwYWxsb3dmdWxsc2NyZWVuJTNEJTIyJTIyJTIwbG9hZGluZyUzRCUyMmxhenklMjIlMjByZWZlcnJlcnBvbGljeSUzRCUyMm5vLXJlZmVycmVyLXdoZW4tZG93bmdyYWRlJTIyJTNFJTNDJTJGaWZyYW1lJTNF[\/vc_raw_html][vc_column_text][wpgmza id=\u00bb1&#8243;][\/vc_column_text][\/vc_column][\/vc_row][vc_row row_padding_top=\u00bbpadding_top_none\u00bb row_padding_bottom=\u00bbpadding_bottom_none\u00bb][vc_column width=\u00bb2\/3&#8243; offset=\u00bbvc_col-sm-offset-2&#8243;][vc_column_text] HOSTAL ELEGANCE DIANA LOCATION [\/vc_column_text][plethora_button button_text=\u00bbOBTENER LAS DIRECCIONES\u00bb button_link=\u00bburl:https%3A%2F%2Fwww.google.com%2Fmaps%2Fplace%2FElegance%2BDiana%2F%4039.8416187%2C3.1353679%2C15z%2Fdata%3D!4m9!3m8!1s0x12962ddd5951f101%3A0xa1ad9105ad456bc9!5m2!4m1!1i2!8m2!3d39.8416187!4d3.1353679!16s%252Fg%252F11v9gj5fqj%3Fentry%3Dttu\u00bb button_style2=\u00bbbtn-link\u00bb button_align=\u00bbtext-center\u00bb button_with_icon=\u00bb0&#8243;][\/vc_column][\/vc_row][vc_row row_padding_top=\u00bbpadding_top_none\u00bb][vc_column [&hellip;]","og_url":"https:\/\/hostaldiana.com\/?page_id=48","article_publisher":"https:\/\/www.facebook.com\/HostalEleganceDiana\/","article_modified_time":"2023-09-21T14:20:23+00:00","og_image":[{"width":1920,"height":500,"url":"https:\/\/hostaldiana.com\/wp-content\/uploads\/2023\/09\/Hostal-Diana-Elegance-puerto-de-alcudia.jpg","type":"image\/jpeg"}],"twitter_card":"summary_large_image","twitter_misc":{"Tiempo de lectura":"1 minuto"},"schema":{"@context":"https:\/\/schema.org","@graph":[{"@type":"WebPage","@id":"https:\/\/hostaldiana.com\/?page_id=48","url":"https:\/\/hostaldiana.com\/?page_id=48","name":"Contacto |","isPartOf":{"@id":"https:\/\/hostaldiana.com\/#website"},"datePublished":"2016-11-24T18:10:50+00:00","dateModified":"2023-09-21T14:20:23+00:00","breadcrumb":{"@id":"https:\/\/hostaldiana.com\/?page_id=48#breadcrumb"},"inLanguage":"es","potentialAction":[{"@type":"ReadAction","target":["https:\/\/hostaldiana.com\/?page_id=48"]}]},{"@type":"BreadcrumbList","@id":"https:\/\/hostaldiana.com\/?page_id=48#breadcrumb","itemListElement":[{"@type":"ListItem","position":1,"name":"Portada","item":"https:\/\/hostaldiana.com\/"},{"@type":"ListItem","position":2,"name":"Contacto"}]},{"@type":"WebSite","@id":"https:\/\/hostaldiana.com\/#website","url":"https:\/\/hostaldiana.com\/","name":"Hostal Elegance Diana","description":"","publisher":{"@id":"https:\/\/hostaldiana.com\/#organization"},"alternateName":"Hostal Diana","potentialAction":[{"@type":"SearchAction","target":{"@type":"EntryPoint","urlTemplate":"https:\/\/hostaldiana.com\/?s={search_term_string}"},"query-input":"required name=search_term_string"}],"inLanguage":"es"},{"@type":"Organization","@id":"https:\/\/hostaldiana.com\/#organization","name":"Elegance Hotels & Resort","url":"https:\/\/hostaldiana.com\/","logo":{"@type":"ImageObject","inLanguage":"es","@id":"https:\/\/hostaldiana.com\/#\/schema\/logo\/image\/","url":"https:\/\/hostaldiana.com\/wp-content\/uploads\/2023\/09\/Logo-Hostal-Diana-Blanco.png","contentUrl":"https:\/\/hostaldiana.com\/wp-content\/uploads\/2023\/09\/Logo-Hostal-Diana-Blanco.png","width":512,"height":247,"caption":"Elegance Hotels & Resort"},"image":{"@id":"https:\/\/hostaldiana.com\/#\/schema\/logo\/image\/"},"sameAs":["https:\/\/www.facebook.com\/HostalEleganceDiana\/"]}]}},"_links":{"self":[{"href":"https:\/\/hostaldiana.com\/index.php?rest_route=\/wp\/v2\/pages\/48","targetHints":{"allow":["GET"]}}],"collection":[{"href":"https:\/\/hostaldiana.com\/index.php?rest_route=\/wp\/v2\/pages"}],"about":[{"href":"https:\/\/hostaldiana.com\/index.php?rest_route=\/wp\/v2\/types\/page"}],"author":[{"embeddable":true,"href":"https:\/\/hostaldiana.com\/index.php?rest_route=\/wp\/v2\/users\/3"}],"replies":[{"embeddable":true,"href":"https:\/\/hostaldiana.com\/index.php?rest_route=%2Fwp%2Fv2%2Fcomments&post=48"}],"version-history":[{"count":11,"href":"https:\/\/hostaldiana.com\/index.php?rest_route=\/wp\/v2\/pages\/48\/revisions"}],"predecessor-version":[{"id":1243,"href":"https:\/\/hostaldiana.com\/index.php?rest_route=\/wp\/v2\/pages\/48\/revisions\/1243"}],"wp:featuredmedia":[{"embeddable":true,"href":"https:\/\/hostaldiana.com\/index.php?rest_route=\/wp\/v2\/media\/955"}],"wp:attachment":[{"href":"https:\/\/hostaldiana.com\/index.php?rest_route=%2Fwp%2Fv2%2Fmedia&parent=48"}],"curies":[{"name":"wp","href":"https:\/\/api.w.org\/{rel}","templated":true}]}}